{"id":582,"date":"2022-01-09T13:57:46","date_gmt":"2022-01-09T12:57:46","guid":{"rendered":"https:\/\/shibianta.com\/ueber-uns\/"},"modified":"2024-04-24T14:24:31","modified_gmt":"2024-04-24T12:24:31","slug":"ueber-uns","status":"publish","type":"page","link":"https:\/\/shibianta.com\/de\/ueber-uns\/","title":{"rendered":"\u00dcber Ana"},"content":{"rendered":"<div class=\"wp-block-image is-style-default\">\n<figure class=\"aligncenter size-medium is-resized\"><img loading=\"lazy\" decoding=\"async\" width=\"300\" height=\"300\" src=\"https:\/\/shibianta.com\/wp-content\/uploads\/2024\/04\/PD-bio-photo-2-300x300.jpg\" alt=\"\" class=\"wp-image-3510\" style=\"width:436px\" srcset=\"https:\/\/shibianta.com\/wp-content\/uploads\/2024\/04\/PD-bio-photo-2-300x300.jpg 300w, https:\/\/shibianta.com\/wp-content\/uploads\/2024\/04\/PD-bio-photo-2-150x150.jpg 150w, https:\/\/shibianta.com\/wp-content\/uploads\/2024\/04\/PD-bio-photo-2-768x768.jpg 768w, https:\/\/shibianta.com\/wp-content\/uploads\/2024\/04\/PD-bio-photo-2-100x100.jpg 100w, https:\/\/shibianta.com\/wp-content\/uploads\/2024\/04\/PD-bio-photo-2.jpg 939w\" sizes=\"auto, (max-width: 300px) 100vw, 300px\" \/><\/figure>\n<\/div>\n\n\n<h2 class=\"wp-block-heading\" id=\"ana\" style=\"font-size:22px\">Ana<\/h2>\n\n\n\n<p class=\"has-text-align-left has-medium-font-size\">Ana Antadze ist Sch\u00f6pferin, Heilerin und Horcherin auf der uns umgebenden Weisheiten. Ana glaubt, dass Weisheit \u00fcberall residiert. Sie schaffen Kunstwerke und Theaterprojekte, die der Liebe gewidmet sind. Anas Leidenschaften sind wahre Freiheit und die Erf\u00fcllung von Tr\u00e4umen. Als Tr\u00e4umer*innen machen sie nichts gl\u00fccklicher, als zu sehen, wie Tr\u00e4ume f\u00fcr Menschen wahr werden \u2013 die kleinen und die gro\u00dfen Tr\u00e4ume. <\/p>\n\n\n\n<h2 class=\"wp-block-heading\" id=\"ana-s-road\" style=\"font-size:22px\">Anas Hintergrund <\/h2>\n\n\n\n<p class=\"has-medium-font-size\">Ana wurde in Tiflis, Georgien, geboren und wuchs in Wien, \u00d6sterreich, auf. Zweisprachig aufgewachsen, zog Ana zum Studium nach Berlin, Deutschland, wo sie ihren Bachelor in Philosophie an der Freien Universit\u00e4t abschlie\u00dfen. Nach dem reichhaltigen, aber theorielastigen Studium setzte Ana ihren Master an der Universit\u00e4t Hildesheim im experimentellen Theater fort, wo sie es lernten, sich mit politisch und gesellschaftlich komplexen Themen in Form von Spiel auseinanderzusetzen. Hier sind einige von <a href=\"https:\/\/anaantadze.com\/\" target=\"_blank\" rel=\"noreferrer noopener\">Anas Kunstprojekten<\/a> .<\/p>\n\n\n\n<p class=\"has-medium-font-size\">Ana begann die Ausbildung als Ahnenheilerin bei <a href=\"http:\/\/ancestralmedicine.org\" target=\"_blank\" rel=\"noreferrer noopener\">Dr. Daniel Foor<\/a> , der eine sichere und schrittweise Methode zur Heilung von Ahnenlinien entwickelt hat, die bewusst mit Kultur- und Geschlechtervielfalt umgeht. Inspiriert von dem Gl\u00fcck, das Ana durch die Wiederbelebung der Ahnenbeziehungen erlebte, gr\u00fcndeten sie mit ihren Vorfahren Shibianta. Mit der Absicht, Andere auf ihren Weg zur\u00fcck zur Liebe zu begleiten. Ana bietet ihre Dienste in drei Sprachen an: Englisch, Georgisch und Deutsch.<\/p>\n\n\n\n<h2 class=\"wp-block-heading\" id=\"ana-s-ancestors-of-blood\" style=\"font-size:22px\">Anas Vorfahren<\/h2>\n\n\n\n<p class=\"has-medium-font-size\">Anas Vorfahren stammen aus Georgien. Die Mutterlinie ihrer Mutter ist auch sehr, sehr weit zur\u00fcck mit der \u00e4gyptischen Kultur verbunden. Jede der Linien ist mit einem bestimmten Element verbunden. Anas Leute sind des Wassers, des Feuers, des Blitzes, der W\u00e4lder und der Federn. Sie pflegen Beziehungen mit dem Mond, der alten georgischen Wasserg\u00f6ttin, der \u00e4gyptischen G\u00f6ttin Iset, dem heiligen Feuer, der kosmischen Spirale, den W\u00e4ldern, zu Liedern, Geschichten und Musik. <\/p>\n\n\n\n<p class=\"has-medium-font-size\">Als kleines Land zwischen gro\u00dfen L\u00e4ndern hat Georgien im Laufe seiner langen Geschichte mehrfach Imperialisierungen erlebt. Viel altes, wertvolles georgisches Wissen ist verloren gegangen. \u00c4hnlich, haben auch andere gegenw\u00e4rtige Kulturen ihr altes Wissen vergessen. Anas Leute finden das schade. Sie wollen Zeugen und Zeuginnen der Magie werden, die entsteht, wenn all die unterschiedlichen Arten des Wissens aufeinandertreffen, wenn Alt und Neu zusammenkommen und so zur Quelle wahrer Freiheit werden. <\/p>\n\n\n\n<h2 class=\"wp-block-heading\" style=\"font-size:22px\">\u00dcber Shibianta<\/h2>\n\n\n\n<p class=\"has-medium-font-size\">Wer oder was ist Shibianta? Erfahre <a href=\"https:\/\/shibianta.com\/de\/shibi-alte-bruecke-fuer-das-goettliche\/\" target=\"_blank\" rel=\"noreferrer noopener\">hier<\/a> \u00fcber die Urspr\u00fcnge. <\/p>\n\n\n\n<h2 class=\"wp-block-heading\" id=\"we-love-to-be-there-for-you\" style=\"font-size:22px\">Wendet euch an uns<\/h2>\n\n\n\n<p class=\"has-medium-font-size\">Wir unterst\u00fctzen euch auf eurem Weg.<\/p>\n\n\n\n<h2 class=\"wp-block-heading\" id=\"get-in-touch\" style=\"font-size:22px\">Kontaktiere mich<\/h2>\n\n\n\n<p class=\"has-medium-font-size\">Per E-Mail: antadzea@gmail.com<\/p>\n\n\n\n<p class=\"has-medium-font-size\">Oder <\/p>\n\n\n\n<p class=\"has-medium-font-size\">\u00dcber das Kontaktformular<\/p>\n\n\n\n<div style=\"height:25px\" aria-hidden=\"true\" class=\"wp-block-spacer\"><\/div>\n\n\n<noscript class=\"ninja-forms-noscript-message\">\n\tHinweis: F\u00fcr diese Inhalte ist JavaScript erforderlich.<\/noscript>\n<div id=\"nf-form-3-cont\" class=\"nf-form-cont\" aria-live=\"polite\" aria-labelledby=\"nf-form-title-3\" aria-describedby=\"nf-form-errors-3\" role=\"form\">\n\n    <div class=\"nf-loading-spinner\"><\/div>\n\n<\/div>\n        <!-- That data is being printed as a workaround to page builders reordering the order of the scripts loaded-->\n        <script>var formDisplay=1;var nfForms=nfForms||[];var form=[];form.id='3';form.settings={\"objectType\":\"Form Setting\",\"editActive\":true,\"title\":\"Mein Kontaktformular\",\"show_title\":0,\"allow_public_link\":0,\"embed_form\":\"\",\"clear_complete\":1,\"hide_complete\":1,\"default_label_pos\":\"above\",\"wrapper_class\":\"\",\"element_class\":\"\",\"key\":\"\",\"add_submit\":0,\"changeEmailErrorMsg\":\"Geben Sie bitte eine g\\u00fcltige E-Mail-Adresse ein!\",\"changeDateErrorMsg\":\"Bitte gib ein g\\u00fcltiges Datum ein!\",\"confirmFieldErrorMsg\":\"Diese Felder m\\u00fcssen \\u00fcbereinstimmen!\",\"fieldNumberNumMinError\":\"Fehler bei Zahlminimum\",\"fieldNumberNumMaxError\":\"Fehler bei Zahlmaximum\",\"fieldNumberIncrementBy\":\"Bitte erh\\u00f6hen um \",\"formErrorsCorrectErrors\":\"Korrigieren Sie bitte die Fehler, bevor Sie dieses Formular absenden.\",\"validateRequiredField\":\"Das ist ein erforderliches Feld.\",\"honeypotHoneypotError\":\"Honeypot-Fehler\",\"fieldsMarkedRequired\":\"Felder mit einem <span class=\\\"ninja-forms-req-symbol\\\">*<\\\/span> m\\u00fcssen ausgef\\u00fcllt werden\",\"currency\":\"\",\"repeatable_fieldsets\":\"\",\"unique_field_error\":\"Ein Formular mit diesem Wert wurde bereits \\u00fcbermittelt.\",\"logged_in\":false,\"not_logged_in_msg\":\"\",\"sub_limit_msg\":\"Das Formular hat sein \\u00dcbermittlungslimit erreicht.\",\"calculations\":[],\"formContentData\":[\"name_1641643294075\",\"email_1641643210344\",\"subject_1643383830634\",\"message_1641643265858\",\"submit_1641643234242\"],\"drawerDisabled\":false,\"ninjaForms\":\"Ninja Forms\",\"fieldTextareaRTEInsertLink\":\"Link einf\\u00fcgen\",\"fieldTextareaRTEInsertMedia\":\"Medium einf\\u00fcgen\",\"fieldTextareaRTESelectAFile\":\"Eine Datei ausw\\u00e4hlen\",\"formHoneypot\":\"Wenn Sie ein Mensch sind und dieses Feld sehen, lassen Sie es bitte leer.\",\"fileUploadOldCodeFileUploadInProgress\":\"Datei-Upload l\\u00e4uft.\",\"fileUploadOldCodeFileUpload\":\"DATEI-UPLOAD\",\"currencySymbol\":false,\"thousands_sep\":\".\",\"decimal_point\":\",\",\"siteLocale\":\"de_DE\",\"dateFormat\":\"m\\\/d\\\/Y\",\"startOfWeek\":\"1\",\"of\":\"von\",\"previousMonth\":\"Vorheriger Monat\",\"nextMonth\":\"N\\u00e4chster Monat\",\"months\":[\"Januar\",\"Februar\",\"M\\u00e4rz\",\"April\",\"Mai\",\"Juni\",\"Juli\",\"August\",\"September\",\"Oktober\",\"November\",\"Dezember\"],\"monthsShort\":[\"Jan.\",\"Feb.\",\"M\\u00e4rz\",\"Apr.\",\"Mai\",\"Juni\",\"Juli\",\"Aug\",\"Sep.\",\"Okt.\",\"Nov.\",\"Dez.\"],\"weekdays\":[\"Sonntag\",\"Montag\",\"Dienstag\",\"Mittwoch\",\"Donnerstag\",\"Freitag\",\"Samstag\"],\"weekdaysShort\":[\"So.\",\"Mo.\",\"Di.\",\"Mi.\",\"Do.\",\"Fr.\",\"Sa.\"],\"weekdaysMin\":[\"So.\",\"Mo.\",\"Di.\",\"Mi.\",\"Do.\",\"Fr.\",\"Sa.\"],\"recaptchaConsentMissing\":\"reCaptcha validation couldn&#039;t load.\",\"recaptchaMissingCookie\":\"reCaptcha v3 validation couldn&#039;t load the cookie needed to submit the form.\",\"recaptchaConsentEvent\":\"Accept reCaptcha cookies before sending the form.\",\"currency_symbol\":\"\",\"beforeForm\":\"\",\"beforeFields\":\"\",\"afterFields\":\"\",\"afterForm\":\"\"};form.fields=[{\"objectType\":\"Field\",\"objectDomain\":\"fields\",\"editActive\":false,\"order\":1,\"idAttribute\":\"id\",\"label\":\"Name\",\"type\":\"firstname\",\"key\":\"name_1641643294075\",\"label_pos\":\"above\",\"required\":1,\"default\":\"\",\"placeholder\":\"\",\"container_class\":\"\",\"element_class\":\"\",\"admin_label\":\"\",\"help_text\":\"\",\"custom_name_attribute\":\"fname\",\"personally_identifiable\":1,\"value\":\"\",\"id\":9,\"beforeField\":\"\",\"afterField\":\"\",\"parentType\":\"firstname\",\"element_templates\":[\"firstname\",\"input\"],\"old_classname\":\"\",\"wrap_template\":\"wrap\"},{\"objectType\":\"Field\",\"objectDomain\":\"fields\",\"editActive\":false,\"order\":2,\"idAttribute\":\"id\",\"label\":\"Email\",\"type\":\"email\",\"key\":\"email_1641643210344\",\"label_pos\":\"above\",\"required\":1,\"default\":\"\",\"placeholder\":\"\",\"container_class\":\"\",\"element_class\":\"\",\"admin_label\":\"\",\"help_text\":\"\",\"custom_name_attribute\":\"email\",\"personally_identifiable\":1,\"value\":\"\",\"id\":10,\"beforeField\":\"\",\"afterField\":\"\",\"parentType\":\"email\",\"element_templates\":[\"email\",\"input\"],\"old_classname\":\"\",\"wrap_template\":\"wrap\"},{\"objectType\":\"Field\",\"objectDomain\":\"fields\",\"editActive\":false,\"order\":3,\"idAttribute\":\"id\",\"label\":\"Gegenstand\",\"type\":\"textbox\",\"key\":\"subject_1643383830634\",\"label_pos\":\"above\",\"required\":1,\"default\":\"\",\"placeholder\":\"\",\"container_class\":\"\",\"element_class\":\"\",\"input_limit\":\"\",\"input_limit_type\":\"characters\",\"input_limit_msg\":\"Zeichen \\u00fcbrig\",\"manual_key\":false,\"admin_label\":\"\",\"help_text\":\"\",\"mask\":\"\",\"custom_mask\":\"\",\"custom_name_attribute\":\"\",\"personally_identifiable\":\"\",\"value\":\"\",\"drawerDisabled\":false,\"id\":13,\"beforeField\":\"\",\"afterField\":\"\",\"parentType\":\"textbox\",\"element_templates\":[\"textbox\",\"input\"],\"old_classname\":\"\",\"wrap_template\":\"wrap\"},{\"objectType\":\"Field\",\"objectDomain\":\"fields\",\"editActive\":false,\"order\":4,\"idAttribute\":\"id\",\"label\":\"Nachricht\",\"type\":\"textarea\",\"key\":\"message_1641643265858\",\"label_pos\":\"above\",\"required\":1,\"default\":\"\",\"placeholder\":\"\",\"container_class\":\"\",\"element_class\":\"\",\"input_limit\":\"\",\"input_limit_type\":\"characters\",\"input_limit_msg\":\"Zeichen \\u00fcbrig\",\"manual_key\":false,\"admin_label\":\"\",\"help_text\":\"\",\"textarea_rte\":\"\",\"disable_rte_mobile\":\"\",\"textarea_media\":\"\",\"value\":\"\",\"drawerDisabled\":false,\"id\":11,\"beforeField\":\"\",\"afterField\":\"\",\"parentType\":\"textarea\",\"element_templates\":[\"textarea\",\"input\"],\"old_classname\":\"\",\"wrap_template\":\"wrap\"},{\"objectType\":\"Field\",\"objectDomain\":\"fields\",\"editActive\":false,\"order\":6,\"idAttribute\":\"id\",\"label\":\"senden\",\"type\":\"submit\",\"processing_label\":\"wird bearbeitet\",\"container_class\":\"\",\"element_class\":\"\",\"key\":\"submit_1641643234242\",\"id\":12,\"beforeField\":\"\",\"afterField\":\"\",\"value\":\"\",\"label_pos\":\"above\",\"parentType\":\"textbox\",\"element_templates\":[\"submit\",\"button\",\"input\"],\"old_classname\":\"\",\"wrap_template\":\"wrap-no-label\"}];nfForms.push(form);<\/script>\n        \n\n\n\n<p class=\"\"><\/p>\n\n\n\n<p class=\"\"><\/p>\n","protected":false},"excerpt":{"rendered":"<p>Ana Ana Antadze ist Sch\u00f6pferin, Heilerin und Horcherin auf der uns umgebenden Weisheiten. Ana glaubt, dass Weisheit \u00fcberall residiert. Sie schaffen Kunstwerke und Theaterprojekte, die der Liebe gewidmet sind. Anas Leidenschaften sind wahre Freiheit und die Erf\u00fcllung von Tr\u00e4umen. Als Tr\u00e4umer*innen machen sie nichts gl\u00fccklicher, als zu sehen, wie Tr\u00e4ume f\u00fcr Menschen wahr werden \u2013 &hellip; <\/p>\n<p class=\"link-more\"><a href=\"https:\/\/shibianta.com\/de\/ueber-uns\/\" class=\"more-link\"><span class=\"screen-reader-text\">\u201e\u00dcber Ana\u201c <\/span>weiterlesen<\/a><\/p>\n","protected":false},"author":1,"featured_media":0,"parent":0,"menu_order":0,"comment_status":"closed","ping_status":"closed","template":"","meta":{"nf_dc_page":"","_monsterinsights_skip_tracking":false,"_monsterinsights_sitenote_active":false,"_monsterinsights_sitenote_note":"","_monsterinsights_sitenote_category":0,"footnotes":""},"class_list":["post-582","page","type-page","status-publish","hentry"],"yoast_head":"<!-- This site is optimized with the Yoast SEO plugin v27.4 - https:\/\/yoast.com\/product\/yoast-seo-wordpress\/ -->\n<title>\u00dcber Ana &#8211; Shibianta<\/title>\n<meta name=\"description\" content=\"Ana Antadze ist Sch\u00f6pferin, Heilerin und Horcherin auf der uns umgebenden Weisheiten. Ana glaubt, dass Weisheit \u00fcberall residiert. Sie schaffen Kunstwerke und Theaterprojekte, die der Liebe gewidmet sind.\" \/>\n<meta name=\"robots\" content=\"index, follow, max-snippet:-1, max-image-preview:large, max-video-preview:-1\" \/>\n<link rel=\"canonical\" href=\"https:\/\/shibianta.com\/de\/ueber-uns\/\" \/>\n<meta property=\"og:locale\" content=\"de_DE\" \/>\n<meta property=\"og:type\" content=\"article\" \/>\n<meta property=\"og:title\" content=\"\u00dcber Ana &#8211; Shibianta\" \/>\n<meta property=\"og:description\" content=\"Ana Antadze ist Sch\u00f6pferin, Heilerin und Horcherin auf der uns umgebenden Weisheiten. Ana glaubt, dass Weisheit \u00fcberall residiert. Sie schaffen Kunstwerke und Theaterprojekte, die der Liebe gewidmet sind.\" \/>\n<meta property=\"og:url\" content=\"https:\/\/shibianta.com\/de\/ueber-uns\/\" \/>\n<meta property=\"og:site_name\" content=\"Shibianta\" \/>\n<meta property=\"article:modified_time\" content=\"2024-04-24T12:24:31+00:00\" \/>\n<meta property=\"og:image\" content=\"https:\/\/shibianta.com\/wp-content\/uploads\/2024\/04\/PD-bio-photo-2-300x300.jpg\" \/>\n<meta name=\"twitter:card\" content=\"summary_large_image\" \/>\n<meta name=\"twitter:label1\" content=\"Gesch\u00e4tzte Lesezeit\" \/>\n\t<meta name=\"twitter:data1\" content=\"2\u00a0Minuten\" \/>\n<script type=\"application\/ld+json\" class=\"yoast-schema-graph\">{\"@context\":\"https:\\\/\\\/schema.org\",\"@graph\":[{\"@type\":\"WebPage\",\"@id\":\"https:\\\/\\\/shibianta.com\\\/de\\\/ueber-uns\\\/\",\"url\":\"https:\\\/\\\/shibianta.com\\\/de\\\/ueber-uns\\\/\",\"name\":\"\u00dcber Ana &#8211; Shibianta\",\"isPartOf\":{\"@id\":\"https:\\\/\\\/shibianta.com\\\/#website\"},\"primaryImageOfPage\":{\"@id\":\"https:\\\/\\\/shibianta.com\\\/de\\\/ueber-uns\\\/#primaryimage\"},\"image\":{\"@id\":\"https:\\\/\\\/shibianta.com\\\/de\\\/ueber-uns\\\/#primaryimage\"},\"thumbnailUrl\":\"https:\\\/\\\/shibianta.com\\\/wp-content\\\/uploads\\\/2024\\\/04\\\/PD-bio-photo-2-300x300.jpg\",\"datePublished\":\"2022-01-09T12:57:46+00:00\",\"dateModified\":\"2024-04-24T12:24:31+00:00\",\"description\":\"Ana Antadze ist Sch\u00f6pferin, Heilerin und Horcherin auf der uns umgebenden Weisheiten. Ana glaubt, dass Weisheit \u00fcberall residiert. Sie schaffen Kunstwerke und Theaterprojekte, die der Liebe gewidmet sind.\",\"breadcrumb\":{\"@id\":\"https:\\\/\\\/shibianta.com\\\/de\\\/ueber-uns\\\/#breadcrumb\"},\"inLanguage\":\"de\",\"potentialAction\":[{\"@type\":\"ReadAction\",\"target\":[\"https:\\\/\\\/shibianta.com\\\/de\\\/ueber-uns\\\/\"]}]},{\"@type\":\"ImageObject\",\"inLanguage\":\"de\",\"@id\":\"https:\\\/\\\/shibianta.com\\\/de\\\/ueber-uns\\\/#primaryimage\",\"url\":\"https:\\\/\\\/shibianta.com\\\/wp-content\\\/uploads\\\/2024\\\/04\\\/PD-bio-photo-2-300x300.jpg\",\"contentUrl\":\"https:\\\/\\\/shibianta.com\\\/wp-content\\\/uploads\\\/2024\\\/04\\\/PD-bio-photo-2-300x300.jpg\"},{\"@type\":\"BreadcrumbList\",\"@id\":\"https:\\\/\\\/shibianta.com\\\/de\\\/ueber-uns\\\/#breadcrumb\",\"itemListElement\":[{\"@type\":\"ListItem\",\"position\":1,\"name\":\"Home\",\"item\":\"https:\\\/\\\/shibianta.com\\\/de\\\/\"},{\"@type\":\"ListItem\",\"position\":2,\"name\":\"\u00dcber Ana\"}]},{\"@type\":\"WebSite\",\"@id\":\"https:\\\/\\\/shibianta.com\\\/#website\",\"url\":\"https:\\\/\\\/shibianta.com\\\/\",\"name\":\"Shibianta\",\"description\":\"Archaische Br\u00fccke der Heilung\",\"publisher\":{\"@id\":\"https:\\\/\\\/shibianta.com\\\/#organization\"},\"potentialAction\":[{\"@type\":\"SearchAction\",\"target\":{\"@type\":\"EntryPoint\",\"urlTemplate\":\"https:\\\/\\\/shibianta.com\\\/?s={search_term_string}\"},\"query-input\":{\"@type\":\"PropertyValueSpecification\",\"valueRequired\":true,\"valueName\":\"search_term_string\"}}],\"inLanguage\":\"de\"},{\"@type\":\"Organization\",\"@id\":\"https:\\\/\\\/shibianta.com\\\/#organization\",\"name\":\"Shibianta\",\"url\":\"https:\\\/\\\/shibianta.com\\\/\",\"logo\":{\"@type\":\"ImageObject\",\"inLanguage\":\"de\",\"@id\":\"https:\\\/\\\/shibianta.com\\\/#\\\/schema\\\/logo\\\/image\\\/\",\"url\":\"https:\\\/\\\/shibianta.com\\\/wp-content\\\/uploads\\\/2022\\\/01\\\/sicocxlis_xe_250-removebg-preview-1.png\",\"contentUrl\":\"https:\\\/\\\/shibianta.com\\\/wp-content\\\/uploads\\\/2022\\\/01\\\/sicocxlis_xe_250-removebg-preview-1.png\",\"width\":250,\"height\":250,\"caption\":\"Shibianta\"},\"image\":{\"@id\":\"https:\\\/\\\/shibianta.com\\\/#\\\/schema\\\/logo\\\/image\\\/\"}}]}<\/script>\n<!-- \/ Yoast SEO plugin. -->","yoast_head_json":{"title":"\u00dcber Ana &#8211; Shibianta","description":"Ana Antadze ist Sch\u00f6pferin, Heilerin und Horcherin auf der uns umgebenden Weisheiten. Ana glaubt, dass Weisheit \u00fcberall residiert. Sie schaffen Kunstwerke und Theaterprojekte, die der Liebe gewidmet sind.","robots":{"index":"index","follow":"follow","max-snippet":"max-snippet:-1","max-image-preview":"max-image-preview:large","max-video-preview":"max-video-preview:-1"},"canonical":"https:\/\/shibianta.com\/de\/ueber-uns\/","og_locale":"de_DE","og_type":"article","og_title":"\u00dcber Ana &#8211; Shibianta","og_description":"Ana Antadze ist Sch\u00f6pferin, Heilerin und Horcherin auf der uns umgebenden Weisheiten. Ana glaubt, dass Weisheit \u00fcberall residiert. Sie schaffen Kunstwerke und Theaterprojekte, die der Liebe gewidmet sind.","og_url":"https:\/\/shibianta.com\/de\/ueber-uns\/","og_site_name":"Shibianta","article_modified_time":"2024-04-24T12:24:31+00:00","og_image":[{"url":"https:\/\/shibianta.com\/wp-content\/uploads\/2024\/04\/PD-bio-photo-2-300x300.jpg","type":"","width":"","height":""}],"twitter_card":"summary_large_image","twitter_misc":{"Gesch\u00e4tzte Lesezeit":"2\u00a0Minuten"},"schema":{"@context":"https:\/\/schema.org","@graph":[{"@type":"WebPage","@id":"https:\/\/shibianta.com\/de\/ueber-uns\/","url":"https:\/\/shibianta.com\/de\/ueber-uns\/","name":"\u00dcber Ana &#8211; Shibianta","isPartOf":{"@id":"https:\/\/shibianta.com\/#website"},"primaryImageOfPage":{"@id":"https:\/\/shibianta.com\/de\/ueber-uns\/#primaryimage"},"image":{"@id":"https:\/\/shibianta.com\/de\/ueber-uns\/#primaryimage"},"thumbnailUrl":"https:\/\/shibianta.com\/wp-content\/uploads\/2024\/04\/PD-bio-photo-2-300x300.jpg","datePublished":"2022-01-09T12:57:46+00:00","dateModified":"2024-04-24T12:24:31+00:00","description":"Ana Antadze ist Sch\u00f6pferin, Heilerin und Horcherin auf der uns umgebenden Weisheiten. Ana glaubt, dass Weisheit \u00fcberall residiert. Sie schaffen Kunstwerke und Theaterprojekte, die der Liebe gewidmet sind.","breadcrumb":{"@id":"https:\/\/shibianta.com\/de\/ueber-uns\/#breadcrumb"},"inLanguage":"de","potentialAction":[{"@type":"ReadAction","target":["https:\/\/shibianta.com\/de\/ueber-uns\/"]}]},{"@type":"ImageObject","inLanguage":"de","@id":"https:\/\/shibianta.com\/de\/ueber-uns\/#primaryimage","url":"https:\/\/shibianta.com\/wp-content\/uploads\/2024\/04\/PD-bio-photo-2-300x300.jpg","contentUrl":"https:\/\/shibianta.com\/wp-content\/uploads\/2024\/04\/PD-bio-photo-2-300x300.jpg"},{"@type":"BreadcrumbList","@id":"https:\/\/shibianta.com\/de\/ueber-uns\/#breadcrumb","itemListElement":[{"@type":"ListItem","position":1,"name":"Home","item":"https:\/\/shibianta.com\/de\/"},{"@type":"ListItem","position":2,"name":"\u00dcber Ana"}]},{"@type":"WebSite","@id":"https:\/\/shibianta.com\/#website","url":"https:\/\/shibianta.com\/","name":"Shibianta","description":"Archaische Br\u00fccke der Heilung","publisher":{"@id":"https:\/\/shibianta.com\/#organization"},"potentialAction":[{"@type":"SearchAction","target":{"@type":"EntryPoint","urlTemplate":"https:\/\/shibianta.com\/?s={search_term_string}"},"query-input":{"@type":"PropertyValueSpecification","valueRequired":true,"valueName":"search_term_string"}}],"inLanguage":"de"},{"@type":"Organization","@id":"https:\/\/shibianta.com\/#organization","name":"Shibianta","url":"https:\/\/shibianta.com\/","logo":{"@type":"ImageObject","inLanguage":"de","@id":"https:\/\/shibianta.com\/#\/schema\/logo\/image\/","url":"https:\/\/shibianta.com\/wp-content\/uploads\/2022\/01\/sicocxlis_xe_250-removebg-preview-1.png","contentUrl":"https:\/\/shibianta.com\/wp-content\/uploads\/2022\/01\/sicocxlis_xe_250-removebg-preview-1.png","width":250,"height":250,"caption":"Shibianta"},"image":{"@id":"https:\/\/shibianta.com\/#\/schema\/logo\/image\/"}}]}},"_links":{"self":[{"href":"https:\/\/shibianta.com\/de\/wp-json\/wp\/v2\/pages\/582","targetHints":{"allow":["GET"]}}],"collection":[{"href":"https:\/\/shibianta.com\/de\/wp-json\/wp\/v2\/pages"}],"about":[{"href":"https:\/\/shibianta.com\/de\/wp-json\/wp\/v2\/types\/page"}],"author":[{"embeddable":true,"href":"https:\/\/shibianta.com\/de\/wp-json\/wp\/v2\/users\/1"}],"replies":[{"embeddable":true,"href":"https:\/\/shibianta.com\/de\/wp-json\/wp\/v2\/comments?post=582"}],"version-history":[{"count":5,"href":"https:\/\/shibianta.com\/de\/wp-json\/wp\/v2\/pages\/582\/revisions"}],"predecessor-version":[{"id":3515,"href":"https:\/\/shibianta.com\/de\/wp-json\/wp\/v2\/pages\/582\/revisions\/3515"}],"wp:attachment":[{"href":"https:\/\/shibianta.com\/de\/wp-json\/wp\/v2\/media?parent=582"}],"curies":[{"name":"wp","href":"https:\/\/api.w.org\/{rel}","templated":true}]}}