{"id":585,"date":"2022-01-09T14:00:43","date_gmt":"2022-01-09T13:00:43","guid":{"rendered":"https:\/\/shibianta.com\/ahnenheilung\/"},"modified":"2024-02-09T13:35:35","modified_gmt":"2024-02-09T12:35:35","slug":"ahnenheilung","status":"publish","type":"page","link":"https:\/\/shibianta.com\/de\/ahnenheilung\/","title":{"rendered":"Ahnenheilung"},"content":{"rendered":"\n<p class=\"has-drop-cap has-medium-font-size\">Die Vorfahren sind all jene Menschen, die vor Dir gelebt haben und an Deiner Miterschaffung teilgenommen haben. Sie lebten \u00fcber Tausenden von Jahren auf dieser Erde und haben jegliches Gl\u00fcck und Ungl\u00fcck erlebt. Das macht sie zu wertvollen H\u00fctern der Weisheit, aber auch zu geduldigen Liebestr\u00e4gern. Sie sind eine gro\u00dfe Hilfe, wenn wir Rat und Unterst\u00fctzung brauchen. Sie sind jedoch auch dann f\u00fcr uns da, wenn alles, was wir brauchen, es ist, in Liebe gehalten zu werden. Sie kennen unser wahrstes Potenzial und m\u00f6chten, dass wir ein erf\u00fclltes Leben f\u00fchren, das unseren einzigartigen Gaben treu bleibt. Sie warten auf uns. Alles, was wir tun m\u00fcssen, ist, uns mit ihnen zu verbinden und um ihre Liebe und Unterst\u00fctzung zu bitten.<\/p>\n\n\n\n<h2 class=\"wp-block-heading\" id=\"so-how-do-we-do-that\">Also, wie machen wir das?<\/h2>\n\n\n\n<p class=\"has-medium-font-size\">Du brauchst kein Medium, um Dich mit Deinen eigenen Leuten zu verbinden. Du verf\u00fcgst \u00fcber alles N\u00f6tige, um in eine direkte und intime Beziehung zu Deinen Ahnen zu treten. Ich unterst\u00fctze Dich auf Deiner Reise. Ich erschaffe einen sicheren rituellen Rahmen, in dem Du Dein Selbstbewusstsein in Deinem intuitiven Prozess entwickeln kannst und Dich in Ruhe und Klarheit den Beziehungen mit Deinen Ahnen widmen kannst.<\/p>\n\n\n\n<h2 class=\"wp-block-heading\" id=\"the-ancestors-are-a-source-for-belonging\">Die Ahnen sind eine wunderbare Quelle f\u00fcr unser Gef\u00fchl der Zugeh\u00f6rigkeit<\/h2>\n\n\n\n<p class=\"has-medium-font-size\">In eine bewusste Beziehung zu unseren Vorfahren zu treten, kann eine n\u00e4hrende und heilende Erfahrung sein, die uns das Gef\u00fchl der Zugeh\u00f6rigkeit und Verwurzelung gibt. Ob Du viel unterwegs bist oder fest einen Ort behaust, ob Du in Deiner Heimat lebst oder im Ausland, ob Du eine gute Beziehung zu Deiner lebenden Familie hegst oder mit ihnen nicht mehr in Kontakt bist, die Vorfahren sind immer f\u00fcr uns da. Wenn wir nach dem Gef\u00fchl der Zugeh\u00f6rigkeit und Intimit\u00e4t in unseren Beziehungen streben, sind sie eine wunderbare Quelle der Liebe und der Unterst\u00fctzung. <\/p>\n\n\n\n<h2 class=\"wp-block-heading\" id=\"we-explore-our-unique-gifts-with-our-ancestors\">Wir erkunden unsere einzigartigen Gaben durch unseren Vorfahren<\/h2>\n\n\n\n<p class=\"has-medium-font-size\">Wenn wir mit unseren Vorfahren in Kontakt treten, entdecken wir Gaben und Talente, die uns unser ganzes Leben lang begleitet haben, unabh\u00e4ngig davon, ob wir sie bemerkt haben oder nicht. Unsere \u00c4ltesten verf\u00fcgen \u00fcber das Wissen und \u00fcber die Einsicht, die notwendig ist, um uns effektiv bei der Aktivierung dieser Gaben und deren Einbringung in dieser Welt zu begleiten. Es gibt nichts Sch\u00f6neres, als unsere Gaben mit denen zu entdecken, die uns unterst\u00fctzen, und unsere einzigartigen Gaben in dieses Leben einzubringen, sodass wir gemeinsam mit anderen die Welt erschaffen k\u00f6nnen, in der wir leben wollen.<\/p>\n\n\n\n<h2 class=\"wp-block-heading\" id=\"ancestral-reverence\">Ahnen Ehrerbietung<\/h2>\n\n\n\n<p class=\"has-medium-font-size\">Die Pflege der Ahnenbeziehungen ist in vielen Kulturen ein wesentlicher Bestandteil gewesen und jene Br\u00e4uche sind auch heute noch in vielen Kulturen vertreten. Nichtsdestotrotz, sind viele von uns in Umgebungen aufgewachsen, die im Laufe der Geschichte jene Praktiken verloren haben. Das Vergessen von ihnen ist ein Vergessen von uns. Wenn Du den Ruf h\u00f6rst, Dich daran zu erinnern, wer Du bist, h\u00f6rst Du den kulturellen Bruch, der uns den Reichtum an Bindungen vergessen lie\u00df, in die wir existenziell eingebettet sind. Und wenn Du den Ruf h\u00f6rst, Dich daran zu erinnern, wer Du bist, kannst Du diesen Bruch unterbinden. Paradoxerweise stammen die meisten der ungesunden nationalistischen Ausdrucksformen unserer heutigen Kulturen aus einem nicht-Wissen-wer-wir-sind. Die Pflege der Ahnenbeziehungen ist somit keine nationalistische Praxis, sondern eine selbst- und damit eine anderen-liebende T\u00e4tigkeit. <\/p>\n\n\n\n<h2 class=\"wp-block-heading\" id=\"we-support-you-in-your-journey\">Wir unterst\u00fctzen Dich auf Deinem Weg<\/h2>\n\n\n\n<p class=\"has-medium-font-size\">Wir sind hier, um Dich auf Deinem Weg zu unterst\u00fctzen, zu Deinen Menschen zur\u00fcckzufinden und starke und liebevolle Beziehungen zu ihnen aufzubauen. Wieder in Kontakt mit dem zu treten, das wir seit langem unber\u00fchrt hielten, kann eine verwundbare Erfahrung sein und sich herausfordernd anf\u00fchlen. Ich erschaffe einen sicheren Ritualrahmen, in dem Du Dich w\u00e4hrend der gesamten Reise zu Deinen Vorfahren gehalten und gef\u00fchrt f\u00fchlen kannst. So kannst Du Dich zur\u00fccklehnen, tief in Deinen intuitiven Prozess gehen und die Verbindungen mit Deinen Leuten effektiv pflegen. <\/p>\n\n\n\n<div class=\"wp-block-buttons is-layout-flex wp-block-buttons-is-layout-flex\">\n<div class=\"is-style-outline wp-block-button has-custom-font-size has-medium-font-size is-style-outline--1\" style=\"text-transform:capitalize\"><a class=\"wp-block-button__link has-black-color has-pale-pink-background-color has-text-color has-background has-link-color wp-element-button\" href=\"https:\/\/shibianta.com\/de\/sitzungen-zur-heilung-der-ahnenlinie\/\">Wie l\u00e4uft eine sitzung ab?<\/a><\/div>\n<\/div>\n\n\n\n<!-- Calendly inline widget begin -->\n<div class=\"calendly-inline-widget\" data-url=\"https:\/\/calendly.com\/antadzea\/alh-session?hide_gdpr_banner=1\" style=\"min-width:320px;height:700px;\"><\/div>\n<script type=\"text\/javascript\" src=\"https:\/\/assets.calendly.com\/assets\/external\/widget.js\" async><\/script>\n<!-- Calendly inline widget end -->\n","protected":false},"excerpt":{"rendered":"<p>Die Vorfahren sind all jene Menschen, die vor Dir gelebt haben und an Deiner Miterschaffung teilgenommen haben. Sie lebten \u00fcber Tausenden von Jahren auf dieser Erde und haben jegliches Gl\u00fcck und Ungl\u00fcck erlebt. Das macht sie zu wertvollen H\u00fctern der Weisheit, aber auch zu geduldigen Liebestr\u00e4gern. Sie sind eine gro\u00dfe Hilfe, wenn wir Rat und &hellip; <\/p>\n<p class=\"link-more\"><a href=\"https:\/\/shibianta.com\/de\/ahnenheilung\/\" class=\"more-link\"><span class=\"screen-reader-text\">\u201eAhnenheilung\u201c <\/span>weiterlesen<\/a><\/p>\n","protected":false},"author":1,"featured_media":0,"parent":0,"menu_order":0,"comment_status":"closed","ping_status":"closed","template":"","meta":{"nf_dc_page":"","_monsterinsights_skip_tracking":false,"_monsterinsights_sitenote_active":false,"_monsterinsights_sitenote_note":"","_monsterinsights_sitenote_category":0,"footnotes":""},"class_list":["post-585","page","type-page","status-publish","hentry"],"yoast_head":"<!-- This site is optimized with the Yoast SEO plugin v27.4 - https:\/\/yoast.com\/product\/yoast-seo-wordpress\/ -->\n<title>Ahnenheilung &#8211; Shibianta<\/title>\n<meta name=\"description\" content=\"Was ist Ahnenheilung und wozu ist sie gut? Die Vorfahren dienen als eine Quelle der Heimat und erinnern uns an unsere einzigartigen Gaben.\" \/>\n<meta name=\"robots\" content=\"index, follow, max-snippet:-1, max-image-preview:large, max-video-preview:-1\" \/>\n<link rel=\"canonical\" href=\"https:\/\/shibianta.com\/de\/ahnenheilung\/\" \/>\n<meta property=\"og:locale\" content=\"de_DE\" \/>\n<meta property=\"og:type\" content=\"article\" \/>\n<meta property=\"og:title\" content=\"Ahnenheilung &#8211; Shibianta\" \/>\n<meta property=\"og:description\" content=\"Was ist Ahnenheilung und wozu ist sie gut? Die Vorfahren dienen als eine Quelle der Heimat und erinnern uns an unsere einzigartigen Gaben.\" \/>\n<meta property=\"og:url\" content=\"https:\/\/shibianta.com\/de\/ahnenheilung\/\" \/>\n<meta property=\"og:site_name\" content=\"Shibianta\" \/>\n<meta property=\"article:modified_time\" content=\"2024-02-09T12:35:35+00:00\" \/>\n<meta name=\"twitter:card\" content=\"summary_large_image\" \/>\n<meta name=\"twitter:label1\" content=\"Gesch\u00e4tzte Lesezeit\" \/>\n\t<meta name=\"twitter:data1\" content=\"3\u00a0Minuten\" \/>\n<script type=\"application\/ld+json\" class=\"yoast-schema-graph\">{\"@context\":\"https:\\\/\\\/schema.org\",\"@graph\":[{\"@type\":\"WebPage\",\"@id\":\"https:\\\/\\\/shibianta.com\\\/de\\\/ahnenheilung\\\/\",\"url\":\"https:\\\/\\\/shibianta.com\\\/de\\\/ahnenheilung\\\/\",\"name\":\"Ahnenheilung &#8211; Shibianta\",\"isPartOf\":{\"@id\":\"https:\\\/\\\/shibianta.com\\\/#website\"},\"datePublished\":\"2022-01-09T13:00:43+00:00\",\"dateModified\":\"2024-02-09T12:35:35+00:00\",\"description\":\"Was ist Ahnenheilung und wozu ist sie gut? Die Vorfahren dienen als eine Quelle der Heimat und erinnern uns an unsere einzigartigen Gaben.\",\"breadcrumb\":{\"@id\":\"https:\\\/\\\/shibianta.com\\\/de\\\/ahnenheilung\\\/#breadcrumb\"},\"inLanguage\":\"de\",\"potentialAction\":[{\"@type\":\"ReadAction\",\"target\":[\"https:\\\/\\\/shibianta.com\\\/de\\\/ahnenheilung\\\/\"]}]},{\"@type\":\"BreadcrumbList\",\"@id\":\"https:\\\/\\\/shibianta.com\\\/de\\\/ahnenheilung\\\/#breadcrumb\",\"itemListElement\":[{\"@type\":\"ListItem\",\"position\":1,\"name\":\"Home\",\"item\":\"https:\\\/\\\/shibianta.com\\\/de\\\/\"},{\"@type\":\"ListItem\",\"position\":2,\"name\":\"Ahnenheilung\"}]},{\"@type\":\"WebSite\",\"@id\":\"https:\\\/\\\/shibianta.com\\\/#website\",\"url\":\"https:\\\/\\\/shibianta.com\\\/\",\"name\":\"Shibianta\",\"description\":\"Archaische Br\u00fccke der Heilung\",\"publisher\":{\"@id\":\"https:\\\/\\\/shibianta.com\\\/#organization\"},\"potentialAction\":[{\"@type\":\"SearchAction\",\"target\":{\"@type\":\"EntryPoint\",\"urlTemplate\":\"https:\\\/\\\/shibianta.com\\\/?s={search_term_string}\"},\"query-input\":{\"@type\":\"PropertyValueSpecification\",\"valueRequired\":true,\"valueName\":\"search_term_string\"}}],\"inLanguage\":\"de\"},{\"@type\":\"Organization\",\"@id\":\"https:\\\/\\\/shibianta.com\\\/#organization\",\"name\":\"Shibianta\",\"url\":\"https:\\\/\\\/shibianta.com\\\/\",\"logo\":{\"@type\":\"ImageObject\",\"inLanguage\":\"de\",\"@id\":\"https:\\\/\\\/shibianta.com\\\/#\\\/schema\\\/logo\\\/image\\\/\",\"url\":\"https:\\\/\\\/shibianta.com\\\/wp-content\\\/uploads\\\/2022\\\/01\\\/sicocxlis_xe_250-removebg-preview-1.png\",\"contentUrl\":\"https:\\\/\\\/shibianta.com\\\/wp-content\\\/uploads\\\/2022\\\/01\\\/sicocxlis_xe_250-removebg-preview-1.png\",\"width\":250,\"height\":250,\"caption\":\"Shibianta\"},\"image\":{\"@id\":\"https:\\\/\\\/shibianta.com\\\/#\\\/schema\\\/logo\\\/image\\\/\"}}]}<\/script>\n<!-- \/ Yoast SEO plugin. -->","yoast_head_json":{"title":"Ahnenheilung &#8211; Shibianta","description":"Was ist Ahnenheilung und wozu ist sie gut? Die Vorfahren dienen als eine Quelle der Heimat und erinnern uns an unsere einzigartigen Gaben.","robots":{"index":"index","follow":"follow","max-snippet":"max-snippet:-1","max-image-preview":"max-image-preview:large","max-video-preview":"max-video-preview:-1"},"canonical":"https:\/\/shibianta.com\/de\/ahnenheilung\/","og_locale":"de_DE","og_type":"article","og_title":"Ahnenheilung &#8211; Shibianta","og_description":"Was ist Ahnenheilung und wozu ist sie gut? Die Vorfahren dienen als eine Quelle der Heimat und erinnern uns an unsere einzigartigen Gaben.","og_url":"https:\/\/shibianta.com\/de\/ahnenheilung\/","og_site_name":"Shibianta","article_modified_time":"2024-02-09T12:35:35+00:00","twitter_card":"summary_large_image","twitter_misc":{"Gesch\u00e4tzte Lesezeit":"3\u00a0Minuten"},"schema":{"@context":"https:\/\/schema.org","@graph":[{"@type":"WebPage","@id":"https:\/\/shibianta.com\/de\/ahnenheilung\/","url":"https:\/\/shibianta.com\/de\/ahnenheilung\/","name":"Ahnenheilung &#8211; Shibianta","isPartOf":{"@id":"https:\/\/shibianta.com\/#website"},"datePublished":"2022-01-09T13:00:43+00:00","dateModified":"2024-02-09T12:35:35+00:00","description":"Was ist Ahnenheilung und wozu ist sie gut? Die Vorfahren dienen als eine Quelle der Heimat und erinnern uns an unsere einzigartigen Gaben.","breadcrumb":{"@id":"https:\/\/shibianta.com\/de\/ahnenheilung\/#breadcrumb"},"inLanguage":"de","potentialAction":[{"@type":"ReadAction","target":["https:\/\/shibianta.com\/de\/ahnenheilung\/"]}]},{"@type":"BreadcrumbList","@id":"https:\/\/shibianta.com\/de\/ahnenheilung\/#breadcrumb","itemListElement":[{"@type":"ListItem","position":1,"name":"Home","item":"https:\/\/shibianta.com\/de\/"},{"@type":"ListItem","position":2,"name":"Ahnenheilung"}]},{"@type":"WebSite","@id":"https:\/\/shibianta.com\/#website","url":"https:\/\/shibianta.com\/","name":"Shibianta","description":"Archaische Br\u00fccke der Heilung","publisher":{"@id":"https:\/\/shibianta.com\/#organization"},"potentialAction":[{"@type":"SearchAction","target":{"@type":"EntryPoint","urlTemplate":"https:\/\/shibianta.com\/?s={search_term_string}"},"query-input":{"@type":"PropertyValueSpecification","valueRequired":true,"valueName":"search_term_string"}}],"inLanguage":"de"},{"@type":"Organization","@id":"https:\/\/shibianta.com\/#organization","name":"Shibianta","url":"https:\/\/shibianta.com\/","logo":{"@type":"ImageObject","inLanguage":"de","@id":"https:\/\/shibianta.com\/#\/schema\/logo\/image\/","url":"https:\/\/shibianta.com\/wp-content\/uploads\/2022\/01\/sicocxlis_xe_250-removebg-preview-1.png","contentUrl":"https:\/\/shibianta.com\/wp-content\/uploads\/2022\/01\/sicocxlis_xe_250-removebg-preview-1.png","width":250,"height":250,"caption":"Shibianta"},"image":{"@id":"https:\/\/shibianta.com\/#\/schema\/logo\/image\/"}}]}},"_links":{"self":[{"href":"https:\/\/shibianta.com\/de\/wp-json\/wp\/v2\/pages\/585","targetHints":{"allow":["GET"]}}],"collection":[{"href":"https:\/\/shibianta.com\/de\/wp-json\/wp\/v2\/pages"}],"about":[{"href":"https:\/\/shibianta.com\/de\/wp-json\/wp\/v2\/types\/page"}],"author":[{"embeddable":true,"href":"https:\/\/shibianta.com\/de\/wp-json\/wp\/v2\/users\/1"}],"replies":[{"embeddable":true,"href":"https:\/\/shibianta.com\/de\/wp-json\/wp\/v2\/comments?post=585"}],"version-history":[{"count":5,"href":"https:\/\/shibianta.com\/de\/wp-json\/wp\/v2\/pages\/585\/revisions"}],"predecessor-version":[{"id":3461,"href":"https:\/\/shibianta.com\/de\/wp-json\/wp\/v2\/pages\/585\/revisions\/3461"}],"wp:attachment":[{"href":"https:\/\/shibianta.com\/de\/wp-json\/wp\/v2\/media?parent=585"}],"curies":[{"name":"wp","href":"https:\/\/api.w.org\/{rel}","templated":true}]}}