{"id":586,"date":"2022-01-08T13:31:47","date_gmt":"2022-01-08T12:31:47","guid":{"rendered":"https:\/\/shibianta.com\/haftungsausschluss\/"},"modified":"2022-02-04T17:31:19","modified_gmt":"2022-02-04T16:31:19","slug":"haftungsausschluss","status":"publish","type":"page","link":"https:\/\/shibianta.com\/de\/haftungsausschluss\/","title":{"rendered":"Haftungsausschluss"},"content":{"rendered":"\n<p>Die auf dieser Website enthaltenen Informationen dienen nur allgemeinen Informationszwecken. Die Informationen werden von <em>Shibianta<\/em> bereitgestellt und obwohl wir uns bem\u00fchen, die Informationen auf dem neuesten Stand und korrekt zu halten, geben wir keinerlei ausdr\u00fcckliche oder stillschweigende Zusicherungen oder Gew\u00e4hrleistungen hinsichtlich der Vollst\u00e4ndigkeit, Genauigkeit, Zuverl\u00e4ssigkeit, Eignung oder Verf\u00fcgbarkeit in Bezug auf die Website oder die Informationen, Produkte, Dienste oder zugeh\u00f6rige Grafiken, die auf der Website enthalten sind, f\u00fcr beliebige Zwecke. Jegliches Vertrauen in solche Informationen erfolgt daher ausschlie\u00dflich auf Ihr eigenes Risiko.<\/p>\n\n<p>In keinem Fall haften wir f\u00fcr Verluste oder Sch\u00e4den, einschlie\u00dflich, aber nicht beschr\u00e4nkt auf indirekte oder Folgesch\u00e4den oder Verluste oder Sch\u00e4den jeglicher Art, die sich aus Daten- oder Gewinnverlusten ergeben, die sich aus oder im Zusammenhang mit der Nutzung dieser Website ergeben.<\/p>\n\n<p>\u00dcber diese Website k\u00f6nnen Sie auf andere Websites verlinken, die nicht unter der Kontrolle von <em>Shibianta stehen<\/em>. Wir haben keine Kontrolle \u00fcber Art, Inhalt und Verf\u00fcgbarkeit dieser Seiten. Die Aufnahme von Links impliziert nicht unbedingt eine Empfehlung oder Billigung der darin ge\u00e4u\u00dferten Ansichten.<\/p>\n\n<p>Es werden alle Anstrengungen unternommen, um die Website reibungslos am Laufen zu halten. <em>Shibianta<\/em> \u00fcbernimmt jedoch keine Verantwortung und haftet nicht daf\u00fcr, wenn die Website aufgrund technischer Probleme, die sich unserer Kontrolle entziehen, vor\u00fcbergehend nicht verf\u00fcgbar ist.<\/p>\n","protected":false},"excerpt":{"rendered":"<p>Die auf dieser Website enthaltenen Informationen dienen nur allgemeinen Informationszwecken. Die Informationen werden von Shibianta bereitgestellt und obwohl wir uns bem\u00fchen, die Informationen auf dem neuesten Stand und korrekt zu halten, geben wir keinerlei ausdr\u00fcckliche oder stillschweigende Zusicherungen oder Gew\u00e4hrleistungen hinsichtlich der Vollst\u00e4ndigkeit, Genauigkeit, Zuverl\u00e4ssigkeit, Eignung oder Verf\u00fcgbarkeit in Bezug auf die Website oder die &hellip; <\/p>\n<p class=\"link-more\"><a href=\"https:\/\/shibianta.com\/de\/haftungsausschluss\/\" class=\"more-link\"><span class=\"screen-reader-text\">\u201eHaftungsausschluss\u201c <\/span>weiterlesen<\/a><\/p>\n","protected":false},"author":1,"featured_media":0,"parent":0,"menu_order":0,"comment_status":"closed","ping_status":"closed","template":"","meta":{"nf_dc_page":"","_monsterinsights_skip_tracking":false,"_monsterinsights_sitenote_active":false,"_monsterinsights_sitenote_note":"","_monsterinsights_sitenote_category":0,"footnotes":""},"class_list":["post-586","page","type-page","status-publish","hentry"],"yoast_head":"<!-- This site is optimized with the Yoast SEO plugin v27.4 - https:\/\/yoast.com\/product\/yoast-seo-wordpress\/ -->\n<title>Haftungsausschluss &#8211; Shibianta<\/title>\n<meta name=\"robots\" content=\"index, follow, max-snippet:-1, max-image-preview:large, max-video-preview:-1\" \/>\n<link rel=\"canonical\" href=\"https:\/\/shibianta.com\/de\/haftungsausschluss\/\" \/>\n<meta property=\"og:locale\" content=\"de_DE\" \/>\n<meta property=\"og:type\" content=\"article\" \/>\n<meta property=\"og:title\" content=\"Haftungsausschluss &#8211; Shibianta\" \/>\n<meta property=\"og:description\" content=\"Die auf dieser Website enthaltenen Informationen dienen nur allgemeinen Informationszwecken. Die Informationen werden von Shibianta bereitgestellt und obwohl wir uns bem\u00fchen, die Informationen auf dem neuesten Stand und korrekt zu halten, geben wir keinerlei ausdr\u00fcckliche oder stillschweigende Zusicherungen oder Gew\u00e4hrleistungen hinsichtlich der Vollst\u00e4ndigkeit, Genauigkeit, Zuverl\u00e4ssigkeit, Eignung oder Verf\u00fcgbarkeit in Bezug auf die Website oder die &hellip; \u201eHaftungsausschluss\u201c weiterlesen\" \/>\n<meta property=\"og:url\" content=\"https:\/\/shibianta.com\/de\/haftungsausschluss\/\" \/>\n<meta property=\"og:site_name\" content=\"Shibianta\" \/>\n<meta property=\"article:modified_time\" content=\"2022-02-04T16:31:19+00:00\" \/>\n<meta name=\"twitter:card\" content=\"summary_large_image\" \/>\n<meta name=\"twitter:label1\" content=\"Gesch\u00e4tzte Lesezeit\" \/>\n\t<meta name=\"twitter:data1\" content=\"1\u00a0Minute\" \/>\n<script type=\"application\/ld+json\" class=\"yoast-schema-graph\">{\"@context\":\"https:\\\/\\\/schema.org\",\"@graph\":[{\"@type\":\"WebPage\",\"@id\":\"https:\\\/\\\/shibianta.com\\\/de\\\/haftungsausschluss\\\/\",\"url\":\"https:\\\/\\\/shibianta.com\\\/de\\\/haftungsausschluss\\\/\",\"name\":\"Haftungsausschluss &#8211; Shibianta\",\"isPartOf\":{\"@id\":\"https:\\\/\\\/shibianta.com\\\/#website\"},\"datePublished\":\"2022-01-08T12:31:47+00:00\",\"dateModified\":\"2022-02-04T16:31:19+00:00\",\"breadcrumb\":{\"@id\":\"https:\\\/\\\/shibianta.com\\\/de\\\/haftungsausschluss\\\/#breadcrumb\"},\"inLanguage\":\"de\",\"potentialAction\":[{\"@type\":\"ReadAction\",\"target\":[\"https:\\\/\\\/shibianta.com\\\/de\\\/haftungsausschluss\\\/\"]}]},{\"@type\":\"BreadcrumbList\",\"@id\":\"https:\\\/\\\/shibianta.com\\\/de\\\/haftungsausschluss\\\/#breadcrumb\",\"itemListElement\":[{\"@type\":\"ListItem\",\"position\":1,\"name\":\"Home\",\"item\":\"https:\\\/\\\/shibianta.com\\\/de\\\/\"},{\"@type\":\"ListItem\",\"position\":2,\"name\":\"Haftungsausschluss\"}]},{\"@type\":\"WebSite\",\"@id\":\"https:\\\/\\\/shibianta.com\\\/#website\",\"url\":\"https:\\\/\\\/shibianta.com\\\/\",\"name\":\"Shibianta\",\"description\":\"Archaische Br\u00fccke der Heilung\",\"publisher\":{\"@id\":\"https:\\\/\\\/shibianta.com\\\/#organization\"},\"potentialAction\":[{\"@type\":\"SearchAction\",\"target\":{\"@type\":\"EntryPoint\",\"urlTemplate\":\"https:\\\/\\\/shibianta.com\\\/?s={search_term_string}\"},\"query-input\":{\"@type\":\"PropertyValueSpecification\",\"valueRequired\":true,\"valueName\":\"search_term_string\"}}],\"inLanguage\":\"de\"},{\"@type\":\"Organization\",\"@id\":\"https:\\\/\\\/shibianta.com\\\/#organization\",\"name\":\"Shibianta\",\"url\":\"https:\\\/\\\/shibianta.com\\\/\",\"logo\":{\"@type\":\"ImageObject\",\"inLanguage\":\"de\",\"@id\":\"https:\\\/\\\/shibianta.com\\\/#\\\/schema\\\/logo\\\/image\\\/\",\"url\":\"https:\\\/\\\/shibianta.com\\\/wp-content\\\/uploads\\\/2022\\\/01\\\/sicocxlis_xe_250-removebg-preview-1.png\",\"contentUrl\":\"https:\\\/\\\/shibianta.com\\\/wp-content\\\/uploads\\\/2022\\\/01\\\/sicocxlis_xe_250-removebg-preview-1.png\",\"width\":250,\"height\":250,\"caption\":\"Shibianta\"},\"image\":{\"@id\":\"https:\\\/\\\/shibianta.com\\\/#\\\/schema\\\/logo\\\/image\\\/\"}}]}<\/script>\n<!-- \/ Yoast SEO plugin. -->","yoast_head_json":{"title":"Haftungsausschluss &#8211; Shibianta","robots":{"index":"index","follow":"follow","max-snippet":"max-snippet:-1","max-image-preview":"max-image-preview:large","max-video-preview":"max-video-preview:-1"},"canonical":"https:\/\/shibianta.com\/de\/haftungsausschluss\/","og_locale":"de_DE","og_type":"article","og_title":"Haftungsausschluss &#8211; Shibianta","og_description":"Die auf dieser Website enthaltenen Informationen dienen nur allgemeinen Informationszwecken. Die Informationen werden von Shibianta bereitgestellt und obwohl wir uns bem\u00fchen, die Informationen auf dem neuesten Stand und korrekt zu halten, geben wir keinerlei ausdr\u00fcckliche oder stillschweigende Zusicherungen oder Gew\u00e4hrleistungen hinsichtlich der Vollst\u00e4ndigkeit, Genauigkeit, Zuverl\u00e4ssigkeit, Eignung oder Verf\u00fcgbarkeit in Bezug auf die Website oder die &hellip; \u201eHaftungsausschluss\u201c weiterlesen","og_url":"https:\/\/shibianta.com\/de\/haftungsausschluss\/","og_site_name":"Shibianta","article_modified_time":"2022-02-04T16:31:19+00:00","twitter_card":"summary_large_image","twitter_misc":{"Gesch\u00e4tzte Lesezeit":"1\u00a0Minute"},"schema":{"@context":"https:\/\/schema.org","@graph":[{"@type":"WebPage","@id":"https:\/\/shibianta.com\/de\/haftungsausschluss\/","url":"https:\/\/shibianta.com\/de\/haftungsausschluss\/","name":"Haftungsausschluss &#8211; Shibianta","isPartOf":{"@id":"https:\/\/shibianta.com\/#website"},"datePublished":"2022-01-08T12:31:47+00:00","dateModified":"2022-02-04T16:31:19+00:00","breadcrumb":{"@id":"https:\/\/shibianta.com\/de\/haftungsausschluss\/#breadcrumb"},"inLanguage":"de","potentialAction":[{"@type":"ReadAction","target":["https:\/\/shibianta.com\/de\/haftungsausschluss\/"]}]},{"@type":"BreadcrumbList","@id":"https:\/\/shibianta.com\/de\/haftungsausschluss\/#breadcrumb","itemListElement":[{"@type":"ListItem","position":1,"name":"Home","item":"https:\/\/shibianta.com\/de\/"},{"@type":"ListItem","position":2,"name":"Haftungsausschluss"}]},{"@type":"WebSite","@id":"https:\/\/shibianta.com\/#website","url":"https:\/\/shibianta.com\/","name":"Shibianta","description":"Archaische Br\u00fccke der Heilung","publisher":{"@id":"https:\/\/shibianta.com\/#organization"},"potentialAction":[{"@type":"SearchAction","target":{"@type":"EntryPoint","urlTemplate":"https:\/\/shibianta.com\/?s={search_term_string}"},"query-input":{"@type":"PropertyValueSpecification","valueRequired":true,"valueName":"search_term_string"}}],"inLanguage":"de"},{"@type":"Organization","@id":"https:\/\/shibianta.com\/#organization","name":"Shibianta","url":"https:\/\/shibianta.com\/","logo":{"@type":"ImageObject","inLanguage":"de","@id":"https:\/\/shibianta.com\/#\/schema\/logo\/image\/","url":"https:\/\/shibianta.com\/wp-content\/uploads\/2022\/01\/sicocxlis_xe_250-removebg-preview-1.png","contentUrl":"https:\/\/shibianta.com\/wp-content\/uploads\/2022\/01\/sicocxlis_xe_250-removebg-preview-1.png","width":250,"height":250,"caption":"Shibianta"},"image":{"@id":"https:\/\/shibianta.com\/#\/schema\/logo\/image\/"}}]}},"_links":{"self":[{"href":"https:\/\/shibianta.com\/de\/wp-json\/wp\/v2\/pages\/586","targetHints":{"allow":["GET"]}}],"collection":[{"href":"https:\/\/shibianta.com\/de\/wp-json\/wp\/v2\/pages"}],"about":[{"href":"https:\/\/shibianta.com\/de\/wp-json\/wp\/v2\/types\/page"}],"author":[{"embeddable":true,"href":"https:\/\/shibianta.com\/de\/wp-json\/wp\/v2\/users\/1"}],"replies":[{"embeddable":true,"href":"https:\/\/shibianta.com\/de\/wp-json\/wp\/v2\/comments?post=586"}],"version-history":[{"count":4,"href":"https:\/\/shibianta.com\/de\/wp-json\/wp\/v2\/pages\/586\/revisions"}],"predecessor-version":[{"id":791,"href":"https:\/\/shibianta.com\/de\/wp-json\/wp\/v2\/pages\/586\/revisions\/791"}],"wp:attachment":[{"href":"https:\/\/shibianta.com\/de\/wp-json\/wp\/v2\/media?parent=586"}],"curies":[{"name":"wp","href":"https:\/\/api.w.org\/{rel}","templated":true}]}}