{"id":623,"date":"2022-01-06T19:40:36","date_gmt":"2022-01-06T18:40:36","guid":{"rendered":"https:\/\/shibianta.com\/liebe-ist-heilung\/"},"modified":"2023-11-16T15:43:45","modified_gmt":"2023-11-16T14:43:45","slug":"liebe-ist-heilung","status":"publish","type":"page","link":"https:\/\/shibianta.com\/de\/","title":{"rendered":"Liebe heilt"},"content":{"rendered":"\n<p class=\"has-text-align-center\" style=\"font-size:22px\"><strong>Willkommen bei Shibianta &#8211; archaische Br\u00fccke der Heilung<\/strong><\/p>\n<div class=\"wp-block-image\">\n<figure class=\"aligncenter size-full is-resized\"><img loading=\"lazy\" decoding=\"async\" width=\"667\" height=\"374\" src=\"https:\/\/shibianta.com\/wp-content\/uploads\/2022\/01\/dailocenit-removebg-preview.jpg\" alt=\"\" class=\"wp-image-340\" style=\"width:233px;height:117px\" srcset=\"https:\/\/shibianta.com\/wp-content\/uploads\/2022\/01\/dailocenit-removebg-preview.jpg 667w, https:\/\/shibianta.com\/wp-content\/uploads\/2022\/01\/dailocenit-removebg-preview-300x168.jpg 300w\" sizes=\"auto, (max-width: 667px) 100vw, 667px\" \/><\/figure>\n<\/div>\n<div style=\"height:33px\" aria-hidden=\"true\" class=\"wp-block-spacer\"><\/div>\n\n<div class=\"nfd-my-0 nfd-p-lg nfd-container nfd-bg-gray-100 wp-block-group alignfull has-black-color has-text-color has-background\" style=\"background-color:#f78dd985\"><div class=\"wp-block-group__inner-container is-layout-flow wp-block-group-is-layout-flow\">\n<div class=\"nfd-text-base md:nfd-gap-8 wp-block-columns are-vertically-aligned-center is-layout-flex wp-container-core-columns-is-layout-4bfea225 wp-block-columns-is-layout-flex\">\n<div class=\"md:nfd-order-2 wp-block-column is-vertically-aligned-center is-layout-flow wp-block-column-is-layout-flow\" style=\"flex-basis:50%\">\n<h2 class=\"wp-block-heading nfd-text-xl nfd-text-current has-luminous-vivid-orange-color has-text-color\"><strong>LIEBE MIT UNSEREN VORFAHREN<\/strong><\/h2>\n\n\n\n<div class=\"nfd-text-md nfd-text-opacity-80 wp-block-group is-content-justification-left\" style=\"padding-bottom:8px\"><div class=\"wp-block-group__inner-container is-layout-constrained wp-container-core-group-is-layout-08e40ddc wp-block-group-is-layout-constrained\">\n<p class=\"\">Unsere Vorfahren lieben uns. Sie sind oft weiser, liebevoller und vielf\u00e4ltiger, als wir es uns oft vorstellen, bevor wir in direktem Kontakt mit ihnen treten. Wenn wir uns mit ihnen verbinden, \u00fcberraschen sie uns mit ihrer Liebe, Toleranz und Unterst\u00fctzung. <\/p>\n<\/div><\/div>\n\n\n\n<div class=\"nfd-weight-inherit wp-block-buttons is-horizontal is-content-justification-left is-layout-flex wp-container-core-buttons-is-layout-e05a2603 wp-block-buttons-is-layout-flex\" style=\"line-height:1.5\">\n<div class=\"wp-block-button\"><a class=\"wp-block-button__link has-vivid-red-background-color has-background wp-element-button\" href=\"https:\/\/shibianta.com\/de\/sitzungen-zur-heilung-der-ahnenlinie\/\" style=\"padding-top:16px;padding-right:32px;padding-bottom:16px;padding-left:32px\">Sitzung buchen<\/a><\/div>\n<\/div>\n<\/div>\n\n\n\n<div class=\"wp-block-column is-vertically-aligned-center is-layout-flow wp-block-column-is-layout-flow\" style=\"flex-basis:50%\">\n<div class=\"nfd-grid nfd-grid-cols-9 nfd-grid-rows-1 nfd-items-center wp-block-group\"><div class=\"wp-block-group__inner-container is-layout-flow wp-block-group-is-layout-flow\">\n<figure class=\"wp-block-image size-full\"><img loading=\"lazy\" decoding=\"async\" width=\"612\" height=\"408\" src=\"https:\/\/shibianta.com\/wp-content\/uploads\/2022\/01\/istockphoto-1064209070-612x612-1.jpg\" alt=\"\" class=\"wp-image-244\" srcset=\"https:\/\/shibianta.com\/wp-content\/uploads\/2022\/01\/istockphoto-1064209070-612x612-1.jpg 612w, https:\/\/shibianta.com\/wp-content\/uploads\/2022\/01\/istockphoto-1064209070-612x612-1-300x200.jpg 300w\" sizes=\"auto, (max-width: 612px) 100vw, 612px\" \/><\/figure>\n<\/div><\/div>\n<\/div>\n<\/div>\n<\/div><\/div>\n\n<h2 class=\"wp-block-heading has-text-align-center has-text-color has-large-font-size\" id=\"healing-through-our-ancestors\" style=\"color:#fa5100\"><\/h2>\n\n<hr class=\"wp-block-separator has-alpha-channel-opacity\"\/>\n\n<div style=\"height:60px\" aria-hidden=\"true\" class=\"wp-block-spacer\"><\/div>\n\n<div class=\"nfd-my-0 nfd-p-lg nfd-container nfd-bg-gray-100 wp-block-group alignfull has-black-color has-text-color has-background\" style=\"background-color:#fcb9008f\"><div class=\"wp-block-group__inner-container is-layout-flow wp-block-group-is-layout-flow\">\n<div class=\"nfd-text-base md:nfd-gap-8 wp-block-columns are-vertically-aligned-center is-layout-flex wp-container-core-columns-is-layout-4bfea225 wp-block-columns-is-layout-flex\">\n<div class=\"md:nfd-order-2 wp-block-column is-vertically-aligned-center is-layout-flow wp-block-column-is-layout-flow\" style=\"flex-basis:50%\">\n<h2 class=\"wp-block-heading nfd-text-xl nfd-text-current has-luminous-vivid-orange-color has-text-color\"><strong>LIEBE MIT UNSERER KREATIVIT\u00c4T<\/strong><\/h2>\n\n\n\n<div class=\"nfd-text-md nfd-text-opacity-80 wp-block-group is-content-justification-left\" style=\"padding-bottom:8px\"><div class=\"wp-block-group__inner-container is-layout-constrained wp-container-core-group-is-layout-08e40ddc wp-block-group-is-layout-constrained\">\n<p class=\"\">Schreiben ist ein hervorragender Weg unsere innere Stimme, Lebenskraft und Kreativit\u00e4t zu erforschen. Das kreative Schreiben kann eine heilsame Erfahrung sein, uns mit unserer einzigartigen Stimme zu verbinden und uns in eine bewusste Beziehung mit dem vielf\u00e4ltigen Reichtum der Erde zu bringen.<\/p>\n<\/div><\/div>\n\n\n\n<div class=\"nfd-weight-inherit wp-block-buttons is-horizontal is-content-justification-left is-layout-flex wp-container-core-buttons-is-layout-e05a2603 wp-block-buttons-is-layout-flex\" style=\"line-height:1.5\">\n<div class=\"wp-block-button\"><a class=\"wp-block-button__link has-vivid-red-background-color has-background wp-element-button\" href=\"https:\/\/shibianta.com\/de\/sitzungen-fuer-kreatives-schreiben\/\" style=\"padding-top:16px;padding-right:32px;padding-bottom:16px;padding-left:32px\">Sitzung buchen<\/a><\/div>\n<\/div>\n<\/div>\n\n\n\n<div class=\"wp-block-column is-vertically-aligned-center is-layout-flow wp-block-column-is-layout-flow\" style=\"flex-basis:50%\">\n<div class=\"nfd-grid nfd-grid-cols-9 nfd-grid-rows-1 nfd-items-center wp-block-group\"><div class=\"wp-block-group__inner-container is-layout-flow wp-block-group-is-layout-flow\">\n<figure class=\"wp-block-image size-full\"><img loading=\"lazy\" decoding=\"async\" width=\"920\" height=\"614\" src=\"https:\/\/shibianta.com\/wp-content\/uploads\/2022\/07\/CLI329.poppies.T6WB8R-920x614-1.jpg\" alt=\"\" class=\"wp-image-2016\" srcset=\"https:\/\/shibianta.com\/wp-content\/uploads\/2022\/07\/CLI329.poppies.T6WB8R-920x614-1.jpg 920w, https:\/\/shibianta.com\/wp-content\/uploads\/2022\/07\/CLI329.poppies.T6WB8R-920x614-1-300x200.jpg 300w, https:\/\/shibianta.com\/wp-content\/uploads\/2022\/07\/CLI329.poppies.T6WB8R-920x614-1-768x513.jpg 768w\" sizes=\"auto, (max-width: 767px) 89vw, (max-width: 1000px) 54vw, (max-width: 1071px) 543px, 580px\" \/><\/figure>\n<\/div><\/div>\n<\/div>\n<\/div>\n<\/div><\/div>\n\n<div style=\"height:60px\" aria-hidden=\"true\" class=\"wp-block-spacer\"><\/div>\n\n<hr class=\"wp-block-separator has-alpha-channel-opacity\"\/>\n\n<div style=\"height:60px\" aria-hidden=\"true\" class=\"wp-block-spacer\"><\/div>\n\n<div class=\"nfd-my-0 nfd-p-lg nfd-container nfd-bg-gray-100 wp-block-group alignfull has-black-color has-text-color\"><div class=\"wp-block-group__inner-container is-layout-flow wp-block-group-is-layout-flow\">\n<div class=\"nfd-text-base md:nfd-gap-8 wp-block-columns are-vertically-aligned-center is-layout-flex wp-container-core-columns-is-layout-4bfea225 wp-block-columns-is-layout-flex\">\n<div class=\"md:nfd-order-2 wp-block-column is-vertically-aligned-center is-layout-flow wp-block-column-is-layout-flow\" style=\"flex-basis:50%\">\n<h2 class=\"wp-block-heading nfd-text-xl nfd-text-current has-luminous-vivid-orange-color has-text-color\"><strong>LIEBE MIT DEM ANDEREN<\/strong>. KULTURHEILUNG<\/h2>\n\n\n\n<div class=\"nfd-text-md nfd-text-opacity-80 wp-block-group is-content-justification-left\" style=\"padding-bottom:8px\"><div class=\"wp-block-group__inner-container is-layout-constrained wp-container-core-group-is-layout-08e40ddc wp-block-group-is-layout-constrained\">\n<p class=\"\">Viele von uns sind den Ungerechtigkeiten, der in unseren Kulturen residierenden unterdr\u00fcckenden Strukturen, schon in irgendeiner Form begegnet. Wir glauben daran, dass der beste Weg, unterdr\u00fcckerische Systeme zu \u00e4ndern, darin besteht, alternative Entw\u00fcrfe zu schaffen. Frische Visionen f\u00fcr eine liebevollere Welt sind verwundbar. So wie Embryonen, brauchen auch sie sichere R\u00e4ume, in denen sie entstehen und gedeihen k\u00f6nnen. <\/p>\n<\/div><\/div>\n\n\n\n<div class=\"nfd-weight-inherit wp-block-buttons is-horizontal is-content-justification-left is-layout-flex wp-container-core-buttons-is-layout-e05a2603 wp-block-buttons-is-layout-flex\" style=\"line-height:1.5\">\n<div class=\"wp-block-button\"><a class=\"wp-block-button__link has-vivid-red-background-color has-background wp-element-button\" href=\"https:\/\/shibianta.com\/de\/kulturelle-heilung\/\" style=\"padding-top:16px;padding-right:32px;padding-bottom:16px;padding-left:32px\">Mehr erfahren<\/a><\/div>\n<\/div>\n<\/div>\n\n\n\n<div class=\"wp-block-column is-vertically-aligned-center is-layout-flow wp-block-column-is-layout-flow\" style=\"flex-basis:50%\">\n<div class=\"nfd-grid nfd-grid-cols-9 nfd-grid-rows-1 nfd-items-center wp-block-group\"><div class=\"wp-block-group__inner-container is-layout-flow wp-block-group-is-layout-flow\">\n<figure class=\"wp-block-image size-large\"><img loading=\"lazy\" decoding=\"async\" width=\"1024\" height=\"683\" src=\"https:\/\/shibianta.com\/wp-content\/uploads\/2023\/08\/ocean-digitalization.jpg-1-1024x683.webp\" alt=\"\" class=\"wp-image-2650\" srcset=\"https:\/\/shibianta.com\/wp-content\/uploads\/2023\/08\/ocean-digitalization.jpg-1-1024x683.webp 1024w, https:\/\/shibianta.com\/wp-content\/uploads\/2023\/08\/ocean-digitalization.jpg-1-300x200.webp 300w, https:\/\/shibianta.com\/wp-content\/uploads\/2023\/08\/ocean-digitalization.jpg-1-768x512.webp 768w, https:\/\/shibianta.com\/wp-content\/uploads\/2023\/08\/ocean-digitalization.jpg-1.webp 1200w\" sizes=\"auto, (max-width: 767px) 89vw, (max-width: 1000px) 54vw, (max-width: 1071px) 543px, 580px\" \/><\/figure>\n<\/div><\/div>\n<\/div>\n<\/div>\n<\/div><\/div>\n\n<h2 class=\"wp-block-heading has-text-align-center has-text-color has-large-font-size\" id=\"healing-through-cultural-tending\" style=\"color:#e052b6\"><\/h2>\n","protected":false},"excerpt":{"rendered":"<p>Willkommen bei Shibianta &#8211; archaische Br\u00fccke der Heilung LIEBE MIT UNSEREN VORFAHREN Unsere Vorfahren lieben uns. Sie sind oft weiser, liebevoller und vielf\u00e4ltiger, als wir es uns oft vorstellen, bevor wir in direktem Kontakt mit ihnen treten. Wenn wir uns mit ihnen verbinden, \u00fcberraschen sie uns mit ihrer Liebe, Toleranz und Unterst\u00fctzung. LIEBE MIT UNSERER &hellip; <\/p>\n<p class=\"link-more\"><a href=\"https:\/\/shibianta.com\/de\/\" class=\"more-link\"><span class=\"screen-reader-text\">\u201eLiebe heilt\u201c <\/span>weiterlesen<\/a><\/p>\n","protected":false},"author":1,"featured_media":519,"parent":0,"menu_order":0,"comment_status":"closed","ping_status":"closed","template":"","meta":{"nf_dc_page":"","_monsterinsights_skip_tracking":false,"_monsterinsights_sitenote_active":false,"_monsterinsights_sitenote_note":"","_monsterinsights_sitenote_category":0,"footnotes":""},"class_list":["post-623","page","type-page","status-publish","has-post-thumbnail","hentry"],"yoast_head":"<!-- This site is optimized with the Yoast SEO plugin v27.4 - https:\/\/yoast.com\/product\/yoast-seo-wordpress\/ -->\n<title>Liebe heilt &#8211; Shibianta<\/title>\n<meta name=\"description\" content=\"Verbinde Dich mit Deinen guten und weisen Ahnen, lass Dich von ihnen unterst\u00fctzen, Entdecke Deine Diversit\u00e4t und Deinen Reichtum.\" \/>\n<meta name=\"robots\" content=\"index, follow, max-snippet:-1, max-image-preview:large, max-video-preview:-1\" \/>\n<link rel=\"canonical\" href=\"https:\/\/shibianta.com\/de\/\" \/>\n<meta property=\"og:locale\" content=\"de_DE\" \/>\n<meta property=\"og:type\" content=\"article\" \/>\n<meta property=\"og:title\" content=\"Liebe heilt &#8211; Shibianta\" \/>\n<meta property=\"og:description\" content=\"Verbinde Dich mit Deinen guten und weisen Ahnen, lass Dich von ihnen unterst\u00fctzen, Entdecke Deine Diversit\u00e4t und Deinen Reichtum.\" \/>\n<meta property=\"og:url\" content=\"https:\/\/shibianta.com\/de\/\" \/>\n<meta property=\"og:site_name\" content=\"Shibianta\" \/>\n<meta property=\"article:modified_time\" content=\"2023-11-16T14:43:45+00:00\" \/>\n<meta property=\"og:image\" content=\"https:\/\/shibianta.com\/wp-content\/uploads\/2022\/01\/paintings-for-kunstsalon-1-editado-1-1.jpg\" \/>\n\t<meta property=\"og:image:width\" content=\"1977\" \/>\n\t<meta property=\"og:image:height\" content=\"1200\" \/>\n\t<meta property=\"og:image:type\" content=\"image\/jpeg\" \/>\n<meta name=\"twitter:card\" content=\"summary_large_image\" \/>\n<meta name=\"twitter:label1\" content=\"Gesch\u00e4tzte Lesezeit\" \/>\n\t<meta name=\"twitter:data1\" content=\"1\u00a0Minute\" \/>\n<script type=\"application\/ld+json\" class=\"yoast-schema-graph\">{\"@context\":\"https:\\\/\\\/schema.org\",\"@graph\":[{\"@type\":\"WebPage\",\"@id\":\"https:\\\/\\\/shibianta.com\\\/de\\\/\",\"url\":\"https:\\\/\\\/shibianta.com\\\/de\\\/\",\"name\":\"Liebe heilt &#8211; Shibianta\",\"isPartOf\":{\"@id\":\"https:\\\/\\\/shibianta.com\\\/#website\"},\"primaryImageOfPage\":{\"@id\":\"https:\\\/\\\/shibianta.com\\\/de\\\/#primaryimage\"},\"image\":{\"@id\":\"https:\\\/\\\/shibianta.com\\\/de\\\/#primaryimage\"},\"thumbnailUrl\":\"https:\\\/\\\/shibianta.com\\\/wp-content\\\/uploads\\\/2022\\\/01\\\/paintings-for-kunstsalon-1-editado-1-1.jpg\",\"datePublished\":\"2022-01-06T18:40:36+00:00\",\"dateModified\":\"2023-11-16T14:43:45+00:00\",\"description\":\"Verbinde Dich mit Deinen guten und weisen Ahnen, lass Dich von ihnen unterst\u00fctzen, Entdecke Deine Diversit\u00e4t und Deinen Reichtum.\",\"breadcrumb\":{\"@id\":\"https:\\\/\\\/shibianta.com\\\/de\\\/#breadcrumb\"},\"inLanguage\":\"de\",\"potentialAction\":[{\"@type\":\"ReadAction\",\"target\":[\"https:\\\/\\\/shibianta.com\\\/de\\\/\"]}]},{\"@type\":\"ImageObject\",\"inLanguage\":\"de\",\"@id\":\"https:\\\/\\\/shibianta.com\\\/de\\\/#primaryimage\",\"url\":\"https:\\\/\\\/shibianta.com\\\/wp-content\\\/uploads\\\/2022\\\/01\\\/paintings-for-kunstsalon-1-editado-1-1.jpg\",\"contentUrl\":\"https:\\\/\\\/shibianta.com\\\/wp-content\\\/uploads\\\/2022\\\/01\\\/paintings-for-kunstsalon-1-editado-1-1.jpg\",\"width\":1977,\"height\":1200,\"caption\":\"Shibianta-By Ana Antadze\"},{\"@type\":\"BreadcrumbList\",\"@id\":\"https:\\\/\\\/shibianta.com\\\/de\\\/#breadcrumb\",\"itemListElement\":[{\"@type\":\"ListItem\",\"position\":1,\"name\":\"Home\",\"item\":\"https:\\\/\\\/shibianta.com\\\/de\\\/\"},{\"@type\":\"ListItem\",\"position\":2,\"name\":\"Liebe heilt\"}]},{\"@type\":\"WebSite\",\"@id\":\"https:\\\/\\\/shibianta.com\\\/#website\",\"url\":\"https:\\\/\\\/shibianta.com\\\/\",\"name\":\"Shibianta\",\"description\":\"Archaische Br\u00fccke der Heilung\",\"publisher\":{\"@id\":\"https:\\\/\\\/shibianta.com\\\/#organization\"},\"potentialAction\":[{\"@type\":\"SearchAction\",\"target\":{\"@type\":\"EntryPoint\",\"urlTemplate\":\"https:\\\/\\\/shibianta.com\\\/?s={search_term_string}\"},\"query-input\":{\"@type\":\"PropertyValueSpecification\",\"valueRequired\":true,\"valueName\":\"search_term_string\"}}],\"inLanguage\":\"de\"},{\"@type\":\"Organization\",\"@id\":\"https:\\\/\\\/shibianta.com\\\/#organization\",\"name\":\"Shibianta\",\"url\":\"https:\\\/\\\/shibianta.com\\\/\",\"logo\":{\"@type\":\"ImageObject\",\"inLanguage\":\"de\",\"@id\":\"https:\\\/\\\/shibianta.com\\\/#\\\/schema\\\/logo\\\/image\\\/\",\"url\":\"https:\\\/\\\/shibianta.com\\\/wp-content\\\/uploads\\\/2022\\\/01\\\/sicocxlis_xe_250-removebg-preview-1.png\",\"contentUrl\":\"https:\\\/\\\/shibianta.com\\\/wp-content\\\/uploads\\\/2022\\\/01\\\/sicocxlis_xe_250-removebg-preview-1.png\",\"width\":250,\"height\":250,\"caption\":\"Shibianta\"},\"image\":{\"@id\":\"https:\\\/\\\/shibianta.com\\\/#\\\/schema\\\/logo\\\/image\\\/\"}}]}<\/script>\n<!-- \/ Yoast SEO plugin. -->","yoast_head_json":{"title":"Liebe heilt &#8211; Shibianta","description":"Verbinde Dich mit Deinen guten und weisen Ahnen, lass Dich von ihnen unterst\u00fctzen, Entdecke Deine Diversit\u00e4t und Deinen Reichtum.","robots":{"index":"index","follow":"follow","max-snippet":"max-snippet:-1","max-image-preview":"max-image-preview:large","max-video-preview":"max-video-preview:-1"},"canonical":"https:\/\/shibianta.com\/de\/","og_locale":"de_DE","og_type":"article","og_title":"Liebe heilt &#8211; Shibianta","og_description":"Verbinde Dich mit Deinen guten und weisen Ahnen, lass Dich von ihnen unterst\u00fctzen, Entdecke Deine Diversit\u00e4t und Deinen Reichtum.","og_url":"https:\/\/shibianta.com\/de\/","og_site_name":"Shibianta","article_modified_time":"2023-11-16T14:43:45+00:00","og_image":[{"width":1977,"height":1200,"url":"https:\/\/shibianta.com\/wp-content\/uploads\/2022\/01\/paintings-for-kunstsalon-1-editado-1-1.jpg","type":"image\/jpeg"}],"twitter_card":"summary_large_image","twitter_misc":{"Gesch\u00e4tzte Lesezeit":"1\u00a0Minute"},"schema":{"@context":"https:\/\/schema.org","@graph":[{"@type":"WebPage","@id":"https:\/\/shibianta.com\/de\/","url":"https:\/\/shibianta.com\/de\/","name":"Liebe heilt &#8211; Shibianta","isPartOf":{"@id":"https:\/\/shibianta.com\/#website"},"primaryImageOfPage":{"@id":"https:\/\/shibianta.com\/de\/#primaryimage"},"image":{"@id":"https:\/\/shibianta.com\/de\/#primaryimage"},"thumbnailUrl":"https:\/\/shibianta.com\/wp-content\/uploads\/2022\/01\/paintings-for-kunstsalon-1-editado-1-1.jpg","datePublished":"2022-01-06T18:40:36+00:00","dateModified":"2023-11-16T14:43:45+00:00","description":"Verbinde Dich mit Deinen guten und weisen Ahnen, lass Dich von ihnen unterst\u00fctzen, Entdecke Deine Diversit\u00e4t und Deinen Reichtum.","breadcrumb":{"@id":"https:\/\/shibianta.com\/de\/#breadcrumb"},"inLanguage":"de","potentialAction":[{"@type":"ReadAction","target":["https:\/\/shibianta.com\/de\/"]}]},{"@type":"ImageObject","inLanguage":"de","@id":"https:\/\/shibianta.com\/de\/#primaryimage","url":"https:\/\/shibianta.com\/wp-content\/uploads\/2022\/01\/paintings-for-kunstsalon-1-editado-1-1.jpg","contentUrl":"https:\/\/shibianta.com\/wp-content\/uploads\/2022\/01\/paintings-for-kunstsalon-1-editado-1-1.jpg","width":1977,"height":1200,"caption":"Shibianta-By Ana Antadze"},{"@type":"BreadcrumbList","@id":"https:\/\/shibianta.com\/de\/#breadcrumb","itemListElement":[{"@type":"ListItem","position":1,"name":"Home","item":"https:\/\/shibianta.com\/de\/"},{"@type":"ListItem","position":2,"name":"Liebe heilt"}]},{"@type":"WebSite","@id":"https:\/\/shibianta.com\/#website","url":"https:\/\/shibianta.com\/","name":"Shibianta","description":"Archaische Br\u00fccke der Heilung","publisher":{"@id":"https:\/\/shibianta.com\/#organization"},"potentialAction":[{"@type":"SearchAction","target":{"@type":"EntryPoint","urlTemplate":"https:\/\/shibianta.com\/?s={search_term_string}"},"query-input":{"@type":"PropertyValueSpecification","valueRequired":true,"valueName":"search_term_string"}}],"inLanguage":"de"},{"@type":"Organization","@id":"https:\/\/shibianta.com\/#organization","name":"Shibianta","url":"https:\/\/shibianta.com\/","logo":{"@type":"ImageObject","inLanguage":"de","@id":"https:\/\/shibianta.com\/#\/schema\/logo\/image\/","url":"https:\/\/shibianta.com\/wp-content\/uploads\/2022\/01\/sicocxlis_xe_250-removebg-preview-1.png","contentUrl":"https:\/\/shibianta.com\/wp-content\/uploads\/2022\/01\/sicocxlis_xe_250-removebg-preview-1.png","width":250,"height":250,"caption":"Shibianta"},"image":{"@id":"https:\/\/shibianta.com\/#\/schema\/logo\/image\/"}}]}},"_links":{"self":[{"href":"https:\/\/shibianta.com\/de\/wp-json\/wp\/v2\/pages\/623","targetHints":{"allow":["GET"]}}],"collection":[{"href":"https:\/\/shibianta.com\/de\/wp-json\/wp\/v2\/pages"}],"about":[{"href":"https:\/\/shibianta.com\/de\/wp-json\/wp\/v2\/types\/page"}],"author":[{"embeddable":true,"href":"https:\/\/shibianta.com\/de\/wp-json\/wp\/v2\/users\/1"}],"replies":[{"embeddable":true,"href":"https:\/\/shibianta.com\/de\/wp-json\/wp\/v2\/comments?post=623"}],"version-history":[{"count":5,"href":"https:\/\/shibianta.com\/de\/wp-json\/wp\/v2\/pages\/623\/revisions"}],"predecessor-version":[{"id":2907,"href":"https:\/\/shibianta.com\/de\/wp-json\/wp\/v2\/pages\/623\/revisions\/2907"}],"wp:featuredmedia":[{"embeddable":true,"href":"https:\/\/shibianta.com\/de\/wp-json\/wp\/v2\/media\/519"}],"wp:attachment":[{"href":"https:\/\/shibianta.com\/de\/wp-json\/wp\/v2\/media?parent=623"}],"curies":[{"name":"wp","href":"https:\/\/api.w.org\/{rel}","templated":true}]}}