{"id":638,"date":"2022-01-09T14:12:34","date_gmt":"2022-01-09T13:12:34","guid":{"rendered":"https:\/\/shibianta.com\/sitzungen-zur-heilung-der-ahnenlinie\/"},"modified":"2025-06-19T13:04:37","modified_gmt":"2025-06-19T11:04:37","slug":"sitzungen-zur-heilung-der-ahnenlinie","status":"publish","type":"page","link":"https:\/\/shibianta.com\/de\/sitzungen-zur-heilung-der-ahnenlinie\/","title":{"rendered":"Sitzungen f\u00fcr Ahnenheilung"},"content":{"rendered":"<div class=\"wp-block-image\">\n<figure class=\"alignleft size-medium\"><img loading=\"lazy\" decoding=\"async\" width=\"300\" height=\"300\" src=\"https:\/\/shibianta.com\/wp-content\/uploads\/2024\/04\/PD-bio-photo-2-300x300.jpg\" alt=\"\" class=\"wp-image-3510\" srcset=\"https:\/\/shibianta.com\/wp-content\/uploads\/2024\/04\/PD-bio-photo-2-300x300.jpg 300w, https:\/\/shibianta.com\/wp-content\/uploads\/2024\/04\/PD-bio-photo-2-150x150.jpg 150w, https:\/\/shibianta.com\/wp-content\/uploads\/2024\/04\/PD-bio-photo-2-768x768.jpg 768w, https:\/\/shibianta.com\/wp-content\/uploads\/2024\/04\/PD-bio-photo-2-100x100.jpg 100w, https:\/\/shibianta.com\/wp-content\/uploads\/2024\/04\/PD-bio-photo-2.jpg 939w\" sizes=\"auto, (max-width: 300px) 100vw, 300px\" \/><\/figure>\n<\/div>\n\n\n<p class=\"has-medium-font-size\">Wir sind hier, Dich auf Deinem Weg zur Wiederverbindung mit Deinen Ahnen zu begleiten und gesunde Beziehungen zu Dir Selbst, Deinen Leuten und Deinem Ursprung zu f\u00f6rdern.<\/p>\n\n\n\n<p class=\"has-medium-font-size\">In unseren Sitzungen schaffen wir Dir einen sicheren rituellen Rahmen, in dem Du Dich mit Deinen Vorfahren ungest\u00f6rt verbinden kannst und Deine Beziehungen mit ihnen vertiefen und pflegen kannst. <\/p>\n\n\n\n<h2 class=\"wp-block-heading has-black-color has-text-color\" id=\"how-does-a-session-work\" style=\"font-size:28px\">Wie l\u00e4uft eine Sitzung ab?<\/h2>\n\n\n\n<ul class=\"wp-block-list has-medium-font-size\">\n<li class=\"\">Ich biete Ihnen ein kostenloses Erstgespr\u00e4ch von 20-30 Minuten an, um sich gegenseitig kennenzulernen und Ihnen Ihre Position im Prozess aufzuzeigen.<\/li>\n\n\n\n<li class=\"\">Die Sitzungen werden per Zoom oder Telefonanruf (WhatsApp\/Telegramm) abgehalten.  <\/li>\n\n\n\n<li class=\"\">Die erste Sitzung dauert vorzugsweise 90 Minuten, um eine solide Grundlage f\u00fcr weitere Sitzungen zu schaffen.<\/li>\n\n\n\n<li class=\"\">Eine regul\u00e4re Sitzung dauert etwa 75 Minuten.<\/li>\n\n\n\n<li class=\"\">In den Sitzungen erschaffe ich einen sicheren Ritualbeh\u00e4lter, unterst\u00fctze Dich dabei Dein Selbstbewusstsein in Bezug zu Deinem intuitiven Prozess zu st\u00e4rken und verhelfe Dir dabei in einen soliden Kontakt mit Deinen Ahnen zu kommen.<\/li>\n\n\n\n<li class=\"\">Basierend auf den Anweisungen Deiner Ahnen, die in den Sitzungen ge\u00e4u\u00dfert werden, erstelle ich Notizen und reiche sie nach unseren Sitzungen nach, damit Du Deinen Prozess ohne M\u00fche verfolgen kannst.<\/li>\n\n\n\n<li class=\"\">Sie k\u00f6nnen die Intervalle zwischen den Sitzungen frei w\u00e4hlen und in Ihrem eigenen Tempo vorgehen.<\/li>\n\n\n\n<li class=\"\">Preise: Pro regul\u00e4re Sitzung \u20ac80 bis \u20ac 150.<\/li>\n\n\n\n<li class=\"\">Sparen Sie und buchen Sie f\u00fcnf Sitzungen im Voraus f\u00fcr \u20ac350 bis \u20ac650.<\/li>\n\n\n\n<li class=\"\">Menschen die von Armut betroffen sind k\u00f6nnen bei mir Freitags Sessions f\u00fcr kein oder wenig Geld buchen. (Buche daf\u00fcr im Kalender einen Freitagstermin.)<\/li>\n<\/ul>\n\n\n\n<h2 class=\"wp-block-heading has-text-align-center has-large-font-size\">Buche Eine Sitzung:<\/h2>\n\n\n\n<!-- Calendly inline widget begin -->\n<div class=\"calendly-inline-widget\" data-url=\"https:\/\/calendly.com\/antadzea\/alh-session?hide_gdpr_banner=1\" style=\"min-width:320px;height:700px;\"><\/div>\n<script type=\"text\/javascript\" src=\"https:\/\/assets.calendly.com\/assets\/external\/widget.js\" async><\/script>\n<!-- Calendly inline widget end -->\n","protected":false},"excerpt":{"rendered":"<p>Wir sind hier, Dich auf Deinem Weg zur Wiederverbindung mit Deinen Ahnen zu begleiten und gesunde Beziehungen zu Dir Selbst, Deinen Leuten und Deinem Ursprung zu f\u00f6rdern. In unseren Sitzungen schaffen wir Dir einen sicheren rituellen Rahmen, in dem Du Dich mit Deinen Vorfahren ungest\u00f6rt verbinden kannst und Deine Beziehungen mit ihnen vertiefen und pflegen &hellip; <\/p>\n<p class=\"link-more\"><a href=\"https:\/\/shibianta.com\/de\/sitzungen-zur-heilung-der-ahnenlinie\/\" class=\"more-link\"><span class=\"screen-reader-text\">\u201eSitzungen f\u00fcr Ahnenheilung\u201c <\/span>weiterlesen<\/a><\/p>\n","protected":false},"author":1,"featured_media":0,"parent":0,"menu_order":0,"comment_status":"closed","ping_status":"closed","template":"","meta":{"nf_dc_page":"","_monsterinsights_skip_tracking":false,"_monsterinsights_sitenote_active":false,"_monsterinsights_sitenote_note":"","_monsterinsights_sitenote_category":0,"footnotes":""},"class_list":["post-638","page","type-page","status-publish","hentry"],"yoast_head":"<!-- This site is optimized with the Yoast SEO plugin v27.4 - https:\/\/yoast.com\/product\/yoast-seo-wordpress\/ -->\n<title>Sitzungen f\u00fcr Ahnenheilung &#8211; Shibianta<\/title>\n<meta name=\"description\" content=\"Die Sitzungen unterst\u00fctzen Dich dabei, Dich mit Deinen Vorfahren zu verbinden und Deine Beziehungen mit ihnen zu pflegen.\" \/>\n<meta name=\"robots\" content=\"index, follow, max-snippet:-1, max-image-preview:large, max-video-preview:-1\" \/>\n<link rel=\"canonical\" href=\"https:\/\/shibianta.com\/de\/sitzungen-zur-heilung-der-ahnenlinie\/\" \/>\n<meta property=\"og:locale\" content=\"de_DE\" \/>\n<meta property=\"og:type\" content=\"article\" \/>\n<meta property=\"og:title\" content=\"Sitzungen f\u00fcr Ahnenheilung &#8211; Shibianta\" \/>\n<meta property=\"og:description\" content=\"Die Sitzungen unterst\u00fctzen Dich dabei, Dich mit Deinen Vorfahren zu verbinden und Deine Beziehungen mit ihnen zu pflegen.\" \/>\n<meta property=\"og:url\" content=\"https:\/\/shibianta.com\/de\/sitzungen-zur-heilung-der-ahnenlinie\/\" \/>\n<meta property=\"og:site_name\" content=\"Shibianta\" \/>\n<meta property=\"article:modified_time\" content=\"2025-06-19T11:04:37+00:00\" \/>\n<meta property=\"og:image\" content=\"https:\/\/shibianta.com\/wp-content\/uploads\/2024\/04\/PD-bio-photo-2.jpg\" \/>\n\t<meta property=\"og:image:width\" content=\"939\" \/>\n\t<meta property=\"og:image:height\" content=\"939\" \/>\n\t<meta property=\"og:image:type\" content=\"image\/jpeg\" \/>\n<meta name=\"twitter:card\" content=\"summary_large_image\" \/>\n<meta name=\"twitter:label1\" content=\"Gesch\u00e4tzte Lesezeit\" \/>\n\t<meta name=\"twitter:data1\" content=\"1\u00a0Minute\" \/>\n<script type=\"application\/ld+json\" class=\"yoast-schema-graph\">{\"@context\":\"https:\\\/\\\/schema.org\",\"@graph\":[{\"@type\":\"WebPage\",\"@id\":\"https:\\\/\\\/shibianta.com\\\/de\\\/sitzungen-zur-heilung-der-ahnenlinie\\\/\",\"url\":\"https:\\\/\\\/shibianta.com\\\/de\\\/sitzungen-zur-heilung-der-ahnenlinie\\\/\",\"name\":\"Sitzungen f\u00fcr Ahnenheilung &#8211; Shibianta\",\"isPartOf\":{\"@id\":\"https:\\\/\\\/shibianta.com\\\/#website\"},\"primaryImageOfPage\":{\"@id\":\"https:\\\/\\\/shibianta.com\\\/de\\\/sitzungen-zur-heilung-der-ahnenlinie\\\/#primaryimage\"},\"image\":{\"@id\":\"https:\\\/\\\/shibianta.com\\\/de\\\/sitzungen-zur-heilung-der-ahnenlinie\\\/#primaryimage\"},\"thumbnailUrl\":\"https:\\\/\\\/shibianta.com\\\/wp-content\\\/uploads\\\/2024\\\/04\\\/PD-bio-photo-2-300x300.jpg\",\"datePublished\":\"2022-01-09T13:12:34+00:00\",\"dateModified\":\"2025-06-19T11:04:37+00:00\",\"description\":\"Die Sitzungen unterst\u00fctzen Dich dabei, Dich mit Deinen Vorfahren zu verbinden und Deine Beziehungen mit ihnen zu pflegen.\",\"breadcrumb\":{\"@id\":\"https:\\\/\\\/shibianta.com\\\/de\\\/sitzungen-zur-heilung-der-ahnenlinie\\\/#breadcrumb\"},\"inLanguage\":\"de\",\"potentialAction\":[{\"@type\":\"ReadAction\",\"target\":[\"https:\\\/\\\/shibianta.com\\\/de\\\/sitzungen-zur-heilung-der-ahnenlinie\\\/\"]}]},{\"@type\":\"ImageObject\",\"inLanguage\":\"de\",\"@id\":\"https:\\\/\\\/shibianta.com\\\/de\\\/sitzungen-zur-heilung-der-ahnenlinie\\\/#primaryimage\",\"url\":\"https:\\\/\\\/shibianta.com\\\/wp-content\\\/uploads\\\/2024\\\/04\\\/PD-bio-photo-2-300x300.jpg\",\"contentUrl\":\"https:\\\/\\\/shibianta.com\\\/wp-content\\\/uploads\\\/2024\\\/04\\\/PD-bio-photo-2-300x300.jpg\"},{\"@type\":\"BreadcrumbList\",\"@id\":\"https:\\\/\\\/shibianta.com\\\/de\\\/sitzungen-zur-heilung-der-ahnenlinie\\\/#breadcrumb\",\"itemListElement\":[{\"@type\":\"ListItem\",\"position\":1,\"name\":\"Home\",\"item\":\"https:\\\/\\\/shibianta.com\\\/de\\\/\"},{\"@type\":\"ListItem\",\"position\":2,\"name\":\"Sitzungen f\u00fcr Ahnenheilung\"}]},{\"@type\":\"WebSite\",\"@id\":\"https:\\\/\\\/shibianta.com\\\/#website\",\"url\":\"https:\\\/\\\/shibianta.com\\\/\",\"name\":\"Shibianta\",\"description\":\"Archaische Br\u00fccke der Heilung\",\"publisher\":{\"@id\":\"https:\\\/\\\/shibianta.com\\\/#organization\"},\"potentialAction\":[{\"@type\":\"SearchAction\",\"target\":{\"@type\":\"EntryPoint\",\"urlTemplate\":\"https:\\\/\\\/shibianta.com\\\/?s={search_term_string}\"},\"query-input\":{\"@type\":\"PropertyValueSpecification\",\"valueRequired\":true,\"valueName\":\"search_term_string\"}}],\"inLanguage\":\"de\"},{\"@type\":\"Organization\",\"@id\":\"https:\\\/\\\/shibianta.com\\\/#organization\",\"name\":\"Shibianta\",\"url\":\"https:\\\/\\\/shibianta.com\\\/\",\"logo\":{\"@type\":\"ImageObject\",\"inLanguage\":\"de\",\"@id\":\"https:\\\/\\\/shibianta.com\\\/#\\\/schema\\\/logo\\\/image\\\/\",\"url\":\"https:\\\/\\\/shibianta.com\\\/wp-content\\\/uploads\\\/2022\\\/01\\\/sicocxlis_xe_250-removebg-preview-1.png\",\"contentUrl\":\"https:\\\/\\\/shibianta.com\\\/wp-content\\\/uploads\\\/2022\\\/01\\\/sicocxlis_xe_250-removebg-preview-1.png\",\"width\":250,\"height\":250,\"caption\":\"Shibianta\"},\"image\":{\"@id\":\"https:\\\/\\\/shibianta.com\\\/#\\\/schema\\\/logo\\\/image\\\/\"}}]}<\/script>\n<!-- \/ Yoast SEO plugin. -->","yoast_head_json":{"title":"Sitzungen f\u00fcr Ahnenheilung &#8211; Shibianta","description":"Die Sitzungen unterst\u00fctzen Dich dabei, Dich mit Deinen Vorfahren zu verbinden und Deine Beziehungen mit ihnen zu pflegen.","robots":{"index":"index","follow":"follow","max-snippet":"max-snippet:-1","max-image-preview":"max-image-preview:large","max-video-preview":"max-video-preview:-1"},"canonical":"https:\/\/shibianta.com\/de\/sitzungen-zur-heilung-der-ahnenlinie\/","og_locale":"de_DE","og_type":"article","og_title":"Sitzungen f\u00fcr Ahnenheilung &#8211; Shibianta","og_description":"Die Sitzungen unterst\u00fctzen Dich dabei, Dich mit Deinen Vorfahren zu verbinden und Deine Beziehungen mit ihnen zu pflegen.","og_url":"https:\/\/shibianta.com\/de\/sitzungen-zur-heilung-der-ahnenlinie\/","og_site_name":"Shibianta","article_modified_time":"2025-06-19T11:04:37+00:00","og_image":[{"width":939,"height":939,"url":"https:\/\/shibianta.com\/wp-content\/uploads\/2024\/04\/PD-bio-photo-2.jpg","type":"image\/jpeg"}],"twitter_card":"summary_large_image","twitter_misc":{"Gesch\u00e4tzte Lesezeit":"1\u00a0Minute"},"schema":{"@context":"https:\/\/schema.org","@graph":[{"@type":"WebPage","@id":"https:\/\/shibianta.com\/de\/sitzungen-zur-heilung-der-ahnenlinie\/","url":"https:\/\/shibianta.com\/de\/sitzungen-zur-heilung-der-ahnenlinie\/","name":"Sitzungen f\u00fcr Ahnenheilung &#8211; Shibianta","isPartOf":{"@id":"https:\/\/shibianta.com\/#website"},"primaryImageOfPage":{"@id":"https:\/\/shibianta.com\/de\/sitzungen-zur-heilung-der-ahnenlinie\/#primaryimage"},"image":{"@id":"https:\/\/shibianta.com\/de\/sitzungen-zur-heilung-der-ahnenlinie\/#primaryimage"},"thumbnailUrl":"https:\/\/shibianta.com\/wp-content\/uploads\/2024\/04\/PD-bio-photo-2-300x300.jpg","datePublished":"2022-01-09T13:12:34+00:00","dateModified":"2025-06-19T11:04:37+00:00","description":"Die Sitzungen unterst\u00fctzen Dich dabei, Dich mit Deinen Vorfahren zu verbinden und Deine Beziehungen mit ihnen zu pflegen.","breadcrumb":{"@id":"https:\/\/shibianta.com\/de\/sitzungen-zur-heilung-der-ahnenlinie\/#breadcrumb"},"inLanguage":"de","potentialAction":[{"@type":"ReadAction","target":["https:\/\/shibianta.com\/de\/sitzungen-zur-heilung-der-ahnenlinie\/"]}]},{"@type":"ImageObject","inLanguage":"de","@id":"https:\/\/shibianta.com\/de\/sitzungen-zur-heilung-der-ahnenlinie\/#primaryimage","url":"https:\/\/shibianta.com\/wp-content\/uploads\/2024\/04\/PD-bio-photo-2-300x300.jpg","contentUrl":"https:\/\/shibianta.com\/wp-content\/uploads\/2024\/04\/PD-bio-photo-2-300x300.jpg"},{"@type":"BreadcrumbList","@id":"https:\/\/shibianta.com\/de\/sitzungen-zur-heilung-der-ahnenlinie\/#breadcrumb","itemListElement":[{"@type":"ListItem","position":1,"name":"Home","item":"https:\/\/shibianta.com\/de\/"},{"@type":"ListItem","position":2,"name":"Sitzungen f\u00fcr Ahnenheilung"}]},{"@type":"WebSite","@id":"https:\/\/shibianta.com\/#website","url":"https:\/\/shibianta.com\/","name":"Shibianta","description":"Archaische Br\u00fccke der Heilung","publisher":{"@id":"https:\/\/shibianta.com\/#organization"},"potentialAction":[{"@type":"SearchAction","target":{"@type":"EntryPoint","urlTemplate":"https:\/\/shibianta.com\/?s={search_term_string}"},"query-input":{"@type":"PropertyValueSpecification","valueRequired":true,"valueName":"search_term_string"}}],"inLanguage":"de"},{"@type":"Organization","@id":"https:\/\/shibianta.com\/#organization","name":"Shibianta","url":"https:\/\/shibianta.com\/","logo":{"@type":"ImageObject","inLanguage":"de","@id":"https:\/\/shibianta.com\/#\/schema\/logo\/image\/","url":"https:\/\/shibianta.com\/wp-content\/uploads\/2022\/01\/sicocxlis_xe_250-removebg-preview-1.png","contentUrl":"https:\/\/shibianta.com\/wp-content\/uploads\/2022\/01\/sicocxlis_xe_250-removebg-preview-1.png","width":250,"height":250,"caption":"Shibianta"},"image":{"@id":"https:\/\/shibianta.com\/#\/schema\/logo\/image\/"}}]}},"_links":{"self":[{"href":"https:\/\/shibianta.com\/de\/wp-json\/wp\/v2\/pages\/638","targetHints":{"allow":["GET"]}}],"collection":[{"href":"https:\/\/shibianta.com\/de\/wp-json\/wp\/v2\/pages"}],"about":[{"href":"https:\/\/shibianta.com\/de\/wp-json\/wp\/v2\/types\/page"}],"author":[{"embeddable":true,"href":"https:\/\/shibianta.com\/de\/wp-json\/wp\/v2\/users\/1"}],"replies":[{"embeddable":true,"href":"https:\/\/shibianta.com\/de\/wp-json\/wp\/v2\/comments?post=638"}],"version-history":[{"count":5,"href":"https:\/\/shibianta.com\/de\/wp-json\/wp\/v2\/pages\/638\/revisions"}],"predecessor-version":[{"id":3566,"href":"https:\/\/shibianta.com\/de\/wp-json\/wp\/v2\/pages\/638\/revisions\/3566"}],"wp:attachment":[{"href":"https:\/\/shibianta.com\/de\/wp-json\/wp\/v2\/media?parent=638"}],"curies":[{"name":"wp","href":"https:\/\/api.w.org\/{rel}","templated":true}]}}