{"id":652,"date":"2022-01-09T14:01:28","date_gmt":"2022-01-09T13:01:28","guid":{"rendered":"https:\/\/shibianta.com\/kulturelle-heilung\/"},"modified":"2022-02-26T12:59:04","modified_gmt":"2022-02-26T11:59:04","slug":"kulturelle-heilung","status":"publish","type":"page","link":"https:\/\/shibianta.com\/de\/kulturelle-heilung\/","title":{"rendered":"Kulturheilung"},"content":{"rendered":"\n<div style=\"height:30px\" aria-hidden=\"true\" class=\"wp-block-spacer\"><\/div>\n\n<div class=\"wp-block-cover is-light\" style=\"min-height:310px;aspect-ratio:unset;\"><span aria-hidden=\"true\" class=\"has-background-dim-100 wp-block-cover__gradient-background has-background-dim\" style=\"background-color:#f06b8d\"><\/span><div class=\"wp-block-cover__inner-container is-layout-flow wp-block-cover-is-layout-flow\">\n<p class=\"has-text-align-center has-x-large-font-size\"><s>Strukturelle Gewalt<\/s>  <\/p>\n\n\n\n<p class=\"has-text-align-center\" style=\"font-size:46px;line-height:0;text-transform:capitalize;letter-spacing:3px\">Liebevolle Alternativen &lt;3<\/p>\n<\/div><\/div>\n\n<div style=\"height:65px\" aria-hidden=\"true\" class=\"wp-block-spacer\"><\/div>\n\n<p class=\"has-drop-cap has-medium-font-size\">Die Systeme, in denen wir aufgewachsen sind, operieren oft durch unterdr\u00fcckende Strukturen. Vertreter*Innen von Minderheitsgruppen sind am ehesten von solchem kulturellen Schaden betroffen. Die meisten von uns sind schon auf die eine oder andere Weise mit Klassismus, Rassismus, Sexismus, Ableismus, Fremdenfeindlichkeit, Homophobie, Imperialismus, Kolonialismus, Armut oder anderen Ungerechtigkeiten konfrontiert worden. Wenn Du auch glaubst, dass der beste Weg, unterdr\u00fcckerische Systeme zu \u00e4ndern, darin besteht, alternative Systeme zu schaffen, hast Du sehr wahrscheinlich bereits begonnen oder beabsichtigst es, f\u00fcr das Thema, das Dir am Herzen liegt, mehr Bewusstsein zu schaffen. <\/p>\n\n<h2 class=\"wp-block-heading\" id=\"the-medicine-to-the-experienced-unjust-is-often-to-address-the-very-things-that-harmed-us\">Die Medizin gegen die erfahrene Ungerechtigkeit besteht oft genau darin, das anzusprechen, was uns geschadet hat.<\/h2>\n\n<p class=\"has-medium-font-size\">Das zu konfrontieren, was uns pers\u00f6nlich geschadet hat, ist ein kultureller Dienst. Dies kann viele Formen annehmen. Grunds\u00e4tzlich geht es jedoch darum, Aufmerksamkeit und Bewusstsein f\u00fcr das jeweilige Problem zu schaffen. Es braucht Zeit, bis wir auf pers\u00f6nlicher Ebene ausreichend geheilt sind, damit wir die Spuren des Schadens in Leidenschaft verwandeln und sie in den kollektiven Dienst stellen k\u00f6nnen. Und wenn wir uns bereit f\u00fchlen, uns einzusetzen, brauchen wir wom\u00f6glich Unterst\u00fctzung, um jene R\u00e4ume, die wir uns erw\u00fcnschen, schaffen zu k\u00f6nnen.<\/p>\n\n<h2 class=\"wp-block-heading\" id=\"you-want-to-take-initiative-but-don-t-know-how\">Du m\u00f6chtest Initiative ergreifen, wei\u00dft aber nicht wie?<\/h2>\n\n<p class=\"has-medium-font-size\">Falls Du Dich an einem Punkt befindest, wo Du einen Workshop kreieren m\u00f6chtest, der 1. aufschlussreich ist, aber auch die potenzielle Fragilit\u00e4t der Zielgruppe, z. B. von Kindern ber\u00fccksichtigt, 2. Du Dir f\u00fcr Deinen Workshop eine spielerische Form w\u00fcnschst, die dennoch inhaltliche Tiefe vermitteln kann, 3. Du das Gef\u00fchl hast, dass Du dabei professionelle Hilfe br\u00e4uchtest, dann bist Du hier genau richtig! <\/p>\n\n<h2 class=\"wp-block-heading\" id=\"why-workshops\">Wozu Workshops?<\/h2>\n\n<p class=\"has-medium-font-size\">Workshops sind eine wunderbare M\u00f6glichkeit, einen sicheren Rahmen zu schaffen f\u00fcr: 1. Menschen, die Erfahrungen von struktureller Gewalt, wie Sexismus, Rassismus, Ableismus, Imperialismus usw., verarbeiten, oder 2. f\u00fcr Personen, die einen tieferen Einblick in das Thema w\u00fcnschen, oder 3. f\u00fcr Zielgruppen wie Kinder, deren Bildung in Bezug zu aktuellen kulturell-sozialen Themen von gro\u00dfer Relevanz ist, wenn wir sie als jene gesellschaftlichen Glieder sehen, die unsere Gesellschaft weiterbilden werden. Bei solchen Zielgruppen, wie Kindern ist es jedoch umso wichtiger, komplexe und schwere Themen auf einer einfach zu verdaulichen Weise zu vermitteln. Unabh\u00e4ngig davon, mit welcher Zielgruppe wir arbeiten wollen, ist der Schl\u00fcssel zu einem erfolgreichen Workshop in jedem Fall, die spielerische und bewusste Vermittlung vom aktuell relevantem und politisch bewusstem Wissen!<\/p>\n\n<h2 class=\"wp-block-heading\" id=\"workshops-as-safe-and-transformational-containers\">Workshops als transformative und sichere Beh\u00e4lter<\/h2>\n\n<p class=\"has-medium-font-size\"> Ein geschickt gestalteter Workshop enth\u00e4lt folgende Elemente: 1. Sicherheit: Es schafft einen sicheren Raum, in dem die Auseinandersetzung mit dem Thema r\u00fccksichtsvoll gegen\u00fcber der potenziellen Sensibilit\u00e4t der Beteiligten erfolgt. 2. Achtsamkeit: Die Achtsamkeit betrifft sowohl das angesprochene Thema, als auch die Vielfalt der einzelnen Teilnehmer*Innen. 3. Aufkl\u00e4rend: Es erm\u00f6glichen ein tieferes und breiteres Verst\u00e4ndnis f\u00fcr das Thema. 4. Verdaulich: Die Inhalte sind f\u00fcr die Beteiligten leicht zu verdauen und ber\u00fccksichtigen das Tempo der Gruppe. 5. Vielseitig: Es werden die unterschiedlichen Arten und Weise von Wissensaufnahme gew\u00fcrdigt. Kognitives Verstehen ist nur eine Weise, Wissen zu verarbeiten. Die Integration somatischer, taktiler, olfaktorischer und visueller Erfahrungsweisen f\u00f6rdert ein tieferes Verstehen. 6. Spielerisch: Es tr\u00e4gt eine Struktur, die zwischen Spiel und Ernst variiert.<\/p>\n\n<h2 class=\"wp-block-heading\" id=\"workshops-as-alternative-and-visionary-spaces\">Workshops als alternative und vision\u00e4re R\u00e4ume<\/h2>\n\n<p class=\"has-medium-font-size\">Ich glaube daran, dass die Schaffung alternativer R\u00e4ume heilend ist. In jenen R\u00e4umen k\u00f6nnen wir genau das zum Leben erwecken, was wir selbst in unserem Leben vermisst haben. Die Erschaffung von Visionen brauchen einen Entstehungsraum, um greifbar zu werden. Auf diese Weise dienen Workshops als sichere R\u00e4ume f\u00fcr unsere Visionen, die noch im Embryostadium sind. Sie erm\u00f6glichen es, dass neue Ideen entstehen und sich entfalten k\u00f6nnen. Das Gedeihen braucht einen kollektiven Rahmen, in dem gemeinsam hin zu einer geteilten Vision gearbeitet wird.<\/p>\n\n<h2 class=\"wp-block-heading\" id=\"how-i-can-help\">Wie ich helfen kann<\/h2>\n\n<p class=\"has-medium-font-size\">Ich biete professionelle Unterst\u00fctzung bei der Entwicklung eines Workshops, der gut strukturiert, informativ, aufkl\u00e4rend und sozial-politisch bewusst ist, dabei dennoch eine spielerische Erfahrung bietet, und uns in unseren vielseitigen Wahrnehmungsweisen anspricht: \u00fcber somatische, taktile, olfaktorische, visuelle und performative Wege. <\/p>\n\n<h2 class=\"wp-block-heading\" id=\"my-background\">Mein Hintergrund<\/h2>\n\n<p class=\"has-medium-font-size\">Mit der Mischung aus meinem Bachelor in Philosophie, meinem Master in experimentellem Theater und meinen Erfahrungen mit politischem Theater, Dokumentartheater und Kindertheater habe ich professionelles Wissen und Erfahrung gesammelt, um schwere und komplexe Themen auf eine leicht zug\u00e4ngliche und spielerische Weise zu vermitteln. Ich entwickle Spiele, Theaterst\u00fccke und Workshops. <a href=\"http:\/\/anaantadze.com\" target=\"_blank\" rel=\"noreferrer noopener\">Hier<\/a> sind einige meiner Projekte. Es ist eine gro\u00dfe Freude f\u00fcr mich, meine F\u00e4higkeiten zur Verf\u00fcgung zu stellen und schwere politische Themen leicht verdaulich und zug\u00e4nglich zu machen, ohne dabei inhaltliche Qualit\u00e4t zu verlieren. Ich finde, wenn man politisch und gesellschaftlich relevante Themen spielerisch und manchmal sogar mit einer gewissen Portion Humor anspricht, erh\u00f6ht sich die Chance auf eine effektive Aufnahme noch weiter. Bildung und Spa\u00df sind total kompatibel! <\/p>\n\n<p class=\"has-medium-font-size\">Wenn Du Dich also zu einer spielerischen und vision\u00e4ren Art, kulturelle Gewalt anzusprechen, hingezogen f\u00fchlst, freue ich mich von Dir zu h\u00f6ren und mich in Deine Dienste zu stellen.<\/p>\n\n<h2 class=\"wp-block-heading\" id=\"my-service-as-a-workshop-game-creator-contains\">Meine Dienstleistung als Workshopentwicklerin beinhaltet:<\/h2>\n\n<ul class=\"has-medium-font-size wp-block-list\"><li>Ein Online-Meeting\/-Anruf, um den Kontext Deines gew\u00fcnschten Workshops, Deine Bed\u00fcrfnisse und spezifische Situation zu besprechen.<\/li><li>Die Recherche von theoretischer und empirischer Literatur zu Deinem Thema, insofern dies erforderlich ist.<\/li><li>Das Strukturieren und Planen des gesamten Workshops: der Umfang, die Dauer, der Inhalt, der Ablauf (inkl. die kleinsten Details wie die Pausen, u.a.)<\/li><li>Spezifisch an Deine Zielgruppe angepasste Spielformen und Methoden, mit denen die Inhalte des Themas optimal vermittelt werden.<\/li><li>Das Einweben von theaterp\u00e4dagogischen Methoden der Wissensvermittlung, die sowohl kognitive als auch somatische, taktile, und visuelle Sinne ansprechen.<\/li><li>Spielerisch integrierte Feedbackm\u00f6glichkeiten in der Gesamtstruktur des Workshops.<\/li><li>Bei Bedarf und im Fall eines online abgehaltenen Workshops, biete ich eine zus\u00e4tzliche Dienstleistung als Moderatorin\/ Workshopleiterin an.<\/li><li>Die Workshops sind zu 100 % online kompatibel.<\/li><\/ul>\n\n<ul class=\"has-medium-font-size wp-block-list\"><li>Die Preise beginnen ab 300 \u20ac und 600 \u20ac und variieren je nach: 1. die Komplexit\u00e4t des Themas, 2. die Zug\u00e4nglichkeit der Ressourcen, (bei Recherchebedarf, d.h. wenn Du nicht bereits selbst \u00fcber die gew\u00fcnschte Literatur und Ressourcen verf\u00fcgst, die Du in den Workshop integriert haben m\u00f6chtest und die als Bausteine f\u00fcr den Workshop dienen sollen.) 3. die Dauer des Workshops und 4. die gesch\u00e4tzte Teilnehmerzahl.<\/li><\/ul>\n\n<h2 class=\"wp-block-heading\" id=\"get-in-touch\">Kontaktiere mich<\/h2>\n\n<p class=\"has-medium-font-size\"> Schreibe mir per E-Mail oder Formular. Lass mich den Gegenstand und den Kontext Deines gew\u00fcnschten Workshops wissen und ich melde mich zur\u00fcck bei Dir! <\/p>\n\n<p class=\"has-medium-font-size\">E-Mail: antadzea@gmail.com<\/p>\n\n<p class=\"has-medium-font-size\">Oder f\u00fclle das Formular aus<\/p>\n<noscript class=\"ninja-forms-noscript-message\">\n\tHinweis: F\u00fcr diese Inhalte ist JavaScript erforderlich.<\/noscript>\n<div id=\"nf-form-3-cont\" class=\"nf-form-cont\" aria-live=\"polite\" aria-labelledby=\"nf-form-title-3\" aria-describedby=\"nf-form-errors-3\" role=\"form\">\n\n    <div class=\"nf-loading-spinner\"><\/div>\n\n<\/div>\n        <!-- That data is being printed as a workaround to page builders reordering the order of the scripts loaded-->\n        <script>var formDisplay=1;var nfForms=nfForms||[];var form=[];form.id='3';form.settings={\"objectType\":\"Form Setting\",\"editActive\":true,\"title\":\"Mein Kontaktformular\",\"show_title\":0,\"allow_public_link\":0,\"embed_form\":\"\",\"clear_complete\":1,\"hide_complete\":1,\"default_label_pos\":\"above\",\"wrapper_class\":\"\",\"element_class\":\"\",\"key\":\"\",\"add_submit\":0,\"changeEmailErrorMsg\":\"Geben Sie bitte eine g\\u00fcltige E-Mail-Adresse ein!\",\"changeDateErrorMsg\":\"Bitte gib ein g\\u00fcltiges Datum ein!\",\"confirmFieldErrorMsg\":\"Diese Felder m\\u00fcssen \\u00fcbereinstimmen!\",\"fieldNumberNumMinError\":\"Fehler bei Zahlminimum\",\"fieldNumberNumMaxError\":\"Fehler bei Zahlmaximum\",\"fieldNumberIncrementBy\":\"Bitte erh\\u00f6hen um \",\"formErrorsCorrectErrors\":\"Korrigieren Sie bitte die Fehler, bevor Sie dieses Formular absenden.\",\"validateRequiredField\":\"Das ist ein erforderliches Feld.\",\"honeypotHoneypotError\":\"Honeypot-Fehler\",\"fieldsMarkedRequired\":\"Felder mit einem <span class=\\\"ninja-forms-req-symbol\\\">*<\\\/span> m\\u00fcssen ausgef\\u00fcllt werden\",\"currency\":\"\",\"repeatable_fieldsets\":\"\",\"unique_field_error\":\"Ein Formular mit diesem Wert wurde bereits \\u00fcbermittelt.\",\"logged_in\":false,\"not_logged_in_msg\":\"\",\"sub_limit_msg\":\"Das Formular hat sein \\u00dcbermittlungslimit erreicht.\",\"calculations\":[],\"formContentData\":[\"name_1641643294075\",\"email_1641643210344\",\"subject_1643383830634\",\"message_1641643265858\",\"submit_1641643234242\"],\"drawerDisabled\":false,\"ninjaForms\":\"Ninja Forms\",\"fieldTextareaRTEInsertLink\":\"Link einf\\u00fcgen\",\"fieldTextareaRTEInsertMedia\":\"Medium einf\\u00fcgen\",\"fieldTextareaRTESelectAFile\":\"Eine Datei ausw\\u00e4hlen\",\"formHoneypot\":\"Wenn Sie ein Mensch sind und dieses Feld sehen, lassen Sie es bitte leer.\",\"fileUploadOldCodeFileUploadInProgress\":\"Datei-Upload l\\u00e4uft.\",\"fileUploadOldCodeFileUpload\":\"DATEI-UPLOAD\",\"currencySymbol\":false,\"thousands_sep\":\".\",\"decimal_point\":\",\",\"siteLocale\":\"de_DE\",\"dateFormat\":\"m\\\/d\\\/Y\",\"startOfWeek\":\"1\",\"of\":\"von\",\"previousMonth\":\"Vorheriger Monat\",\"nextMonth\":\"N\\u00e4chster Monat\",\"months\":[\"Januar\",\"Februar\",\"M\\u00e4rz\",\"April\",\"Mai\",\"Juni\",\"Juli\",\"August\",\"September\",\"Oktober\",\"November\",\"Dezember\"],\"monthsShort\":[\"Jan.\",\"Feb.\",\"M\\u00e4rz\",\"Apr.\",\"Mai\",\"Juni\",\"Juli\",\"Aug\",\"Sep.\",\"Okt.\",\"Nov.\",\"Dez.\"],\"weekdays\":[\"Sonntag\",\"Montag\",\"Dienstag\",\"Mittwoch\",\"Donnerstag\",\"Freitag\",\"Samstag\"],\"weekdaysShort\":[\"So.\",\"Mo.\",\"Di.\",\"Mi.\",\"Do.\",\"Fr.\",\"Sa.\"],\"weekdaysMin\":[\"So.\",\"Mo.\",\"Di.\",\"Mi.\",\"Do.\",\"Fr.\",\"Sa.\"],\"recaptchaConsentMissing\":\"reCaptcha validation couldn&#039;t load.\",\"recaptchaMissingCookie\":\"reCaptcha v3 validation couldn&#039;t load the cookie needed to submit the form.\",\"recaptchaConsentEvent\":\"Accept reCaptcha cookies before sending the form.\",\"currency_symbol\":\"\",\"beforeForm\":\"\",\"beforeFields\":\"\",\"afterFields\":\"\",\"afterForm\":\"\"};form.fields=[{\"objectType\":\"Field\",\"objectDomain\":\"fields\",\"editActive\":false,\"order\":1,\"idAttribute\":\"id\",\"label\":\"Name\",\"type\":\"firstname\",\"key\":\"name_1641643294075\",\"label_pos\":\"above\",\"required\":1,\"default\":\"\",\"placeholder\":\"\",\"container_class\":\"\",\"element_class\":\"\",\"admin_label\":\"\",\"help_text\":\"\",\"custom_name_attribute\":\"fname\",\"personally_identifiable\":1,\"value\":\"\",\"id\":9,\"beforeField\":\"\",\"afterField\":\"\",\"parentType\":\"firstname\",\"element_templates\":[\"firstname\",\"input\"],\"old_classname\":\"\",\"wrap_template\":\"wrap\"},{\"objectType\":\"Field\",\"objectDomain\":\"fields\",\"editActive\":false,\"order\":2,\"idAttribute\":\"id\",\"label\":\"Email\",\"type\":\"email\",\"key\":\"email_1641643210344\",\"label_pos\":\"above\",\"required\":1,\"default\":\"\",\"placeholder\":\"\",\"container_class\":\"\",\"element_class\":\"\",\"admin_label\":\"\",\"help_text\":\"\",\"custom_name_attribute\":\"email\",\"personally_identifiable\":1,\"value\":\"\",\"id\":10,\"beforeField\":\"\",\"afterField\":\"\",\"parentType\":\"email\",\"element_templates\":[\"email\",\"input\"],\"old_classname\":\"\",\"wrap_template\":\"wrap\"},{\"objectType\":\"Field\",\"objectDomain\":\"fields\",\"editActive\":false,\"order\":3,\"idAttribute\":\"id\",\"label\":\"Gegenstand\",\"type\":\"textbox\",\"key\":\"subject_1643383830634\",\"label_pos\":\"above\",\"required\":1,\"default\":\"\",\"placeholder\":\"\",\"container_class\":\"\",\"element_class\":\"\",\"input_limit\":\"\",\"input_limit_type\":\"characters\",\"input_limit_msg\":\"Zeichen \\u00fcbrig\",\"manual_key\":false,\"admin_label\":\"\",\"help_text\":\"\",\"mask\":\"\",\"custom_mask\":\"\",\"custom_name_attribute\":\"\",\"personally_identifiable\":\"\",\"value\":\"\",\"drawerDisabled\":false,\"id\":13,\"beforeField\":\"\",\"afterField\":\"\",\"parentType\":\"textbox\",\"element_templates\":[\"textbox\",\"input\"],\"old_classname\":\"\",\"wrap_template\":\"wrap\"},{\"objectType\":\"Field\",\"objectDomain\":\"fields\",\"editActive\":false,\"order\":4,\"idAttribute\":\"id\",\"label\":\"Nachricht\",\"type\":\"textarea\",\"key\":\"message_1641643265858\",\"label_pos\":\"above\",\"required\":1,\"default\":\"\",\"placeholder\":\"\",\"container_class\":\"\",\"element_class\":\"\",\"input_limit\":\"\",\"input_limit_type\":\"characters\",\"input_limit_msg\":\"Zeichen \\u00fcbrig\",\"manual_key\":false,\"admin_label\":\"\",\"help_text\":\"\",\"textarea_rte\":\"\",\"disable_rte_mobile\":\"\",\"textarea_media\":\"\",\"value\":\"\",\"drawerDisabled\":false,\"id\":11,\"beforeField\":\"\",\"afterField\":\"\",\"parentType\":\"textarea\",\"element_templates\":[\"textarea\",\"input\"],\"old_classname\":\"\",\"wrap_template\":\"wrap\"},{\"objectType\":\"Field\",\"objectDomain\":\"fields\",\"editActive\":false,\"order\":6,\"idAttribute\":\"id\",\"label\":\"senden\",\"type\":\"submit\",\"processing_label\":\"wird bearbeitet\",\"container_class\":\"\",\"element_class\":\"\",\"key\":\"submit_1641643234242\",\"id\":12,\"beforeField\":\"\",\"afterField\":\"\",\"value\":\"\",\"label_pos\":\"above\",\"parentType\":\"textbox\",\"element_templates\":[\"submit\",\"button\",\"input\"],\"old_classname\":\"\",\"wrap_template\":\"wrap-no-label\"}];nfForms.push(form);<\/script>\n        \n","protected":false},"excerpt":{"rendered":"<p>Die Systeme, in denen wir aufgewachsen sind, operieren oft durch unterdr\u00fcckende Strukturen. Vertreter*Innen von Minderheitsgruppen sind am ehesten von solchem kulturellen Schaden betroffen. Die meisten von uns sind schon auf die eine oder andere Weise mit Klassismus, Rassismus, Sexismus, Ableismus, Fremdenfeindlichkeit, Homophobie, Imperialismus, Kolonialismus, Armut oder anderen Ungerechtigkeiten konfrontiert worden. Wenn Du auch glaubst, dass &hellip; <\/p>\n<p class=\"link-more\"><a href=\"https:\/\/shibianta.com\/de\/kulturelle-heilung\/\" class=\"more-link\"><span class=\"screen-reader-text\">\u201eKulturheilung\u201c <\/span>weiterlesen<\/a><\/p>\n","protected":false},"author":1,"featured_media":0,"parent":0,"menu_order":0,"comment_status":"closed","ping_status":"closed","template":"","meta":{"nf_dc_page":"","_monsterinsights_skip_tracking":false,"_monsterinsights_sitenote_active":false,"_monsterinsights_sitenote_note":"","_monsterinsights_sitenote_category":0,"footnotes":""},"class_list":["post-652","page","type-page","status-publish","hentry"],"yoast_head":"<!-- This site is optimized with the Yoast SEO plugin v27.4 - https:\/\/yoast.com\/product\/yoast-seo-wordpress\/ -->\n<title>Kulturheilung &#8211; Shibianta<\/title>\n<meta name=\"description\" content=\"Kulturheilung ist das Einstehen f\u00fcr das Kollektiv. Die Medizin gegen die erfahrene Ungerechtigkeit besteht oft genau darin, das anzusprechen, was uns geschadet hat.\" \/>\n<meta name=\"robots\" content=\"index, follow, max-snippet:-1, max-image-preview:large, max-video-preview:-1\" \/>\n<link rel=\"canonical\" href=\"https:\/\/shibianta.com\/de\/kulturelle-heilung\/\" \/>\n<meta property=\"og:locale\" content=\"de_DE\" \/>\n<meta property=\"og:type\" content=\"article\" \/>\n<meta property=\"og:title\" content=\"Kulturheilung &#8211; Shibianta\" \/>\n<meta property=\"og:description\" content=\"Kulturheilung ist das Einstehen f\u00fcr das Kollektiv. Die Medizin gegen die erfahrene Ungerechtigkeit besteht oft genau darin, das anzusprechen, was uns geschadet hat.\" \/>\n<meta property=\"og:url\" content=\"https:\/\/shibianta.com\/de\/kulturelle-heilung\/\" \/>\n<meta property=\"og:site_name\" content=\"Shibianta\" \/>\n<meta property=\"article:modified_time\" content=\"2022-02-26T11:59:04+00:00\" \/>\n<meta name=\"twitter:card\" content=\"summary_large_image\" \/>\n<meta name=\"twitter:label1\" content=\"Gesch\u00e4tzte Lesezeit\" \/>\n\t<meta name=\"twitter:data1\" content=\"5\u00a0Minuten\" \/>\n<script type=\"application\/ld+json\" class=\"yoast-schema-graph\">{\"@context\":\"https:\\\/\\\/schema.org\",\"@graph\":[{\"@type\":\"WebPage\",\"@id\":\"https:\\\/\\\/shibianta.com\\\/de\\\/kulturelle-heilung\\\/\",\"url\":\"https:\\\/\\\/shibianta.com\\\/de\\\/kulturelle-heilung\\\/\",\"name\":\"Kulturheilung &#8211; Shibianta\",\"isPartOf\":{\"@id\":\"https:\\\/\\\/shibianta.com\\\/#website\"},\"datePublished\":\"2022-01-09T13:01:28+00:00\",\"dateModified\":\"2022-02-26T11:59:04+00:00\",\"description\":\"Kulturheilung ist das Einstehen f\u00fcr das Kollektiv. Die Medizin gegen die erfahrene Ungerechtigkeit besteht oft genau darin, das anzusprechen, was uns geschadet hat.\",\"breadcrumb\":{\"@id\":\"https:\\\/\\\/shibianta.com\\\/de\\\/kulturelle-heilung\\\/#breadcrumb\"},\"inLanguage\":\"de\",\"potentialAction\":[{\"@type\":\"ReadAction\",\"target\":[\"https:\\\/\\\/shibianta.com\\\/de\\\/kulturelle-heilung\\\/\"]}]},{\"@type\":\"BreadcrumbList\",\"@id\":\"https:\\\/\\\/shibianta.com\\\/de\\\/kulturelle-heilung\\\/#breadcrumb\",\"itemListElement\":[{\"@type\":\"ListItem\",\"position\":1,\"name\":\"Home\",\"item\":\"https:\\\/\\\/shibianta.com\\\/de\\\/\"},{\"@type\":\"ListItem\",\"position\":2,\"name\":\"Kulturheilung\"}]},{\"@type\":\"WebSite\",\"@id\":\"https:\\\/\\\/shibianta.com\\\/#website\",\"url\":\"https:\\\/\\\/shibianta.com\\\/\",\"name\":\"Shibianta\",\"description\":\"Archaische Br\u00fccke der Heilung\",\"publisher\":{\"@id\":\"https:\\\/\\\/shibianta.com\\\/#organization\"},\"potentialAction\":[{\"@type\":\"SearchAction\",\"target\":{\"@type\":\"EntryPoint\",\"urlTemplate\":\"https:\\\/\\\/shibianta.com\\\/?s={search_term_string}\"},\"query-input\":{\"@type\":\"PropertyValueSpecification\",\"valueRequired\":true,\"valueName\":\"search_term_string\"}}],\"inLanguage\":\"de\"},{\"@type\":\"Organization\",\"@id\":\"https:\\\/\\\/shibianta.com\\\/#organization\",\"name\":\"Shibianta\",\"url\":\"https:\\\/\\\/shibianta.com\\\/\",\"logo\":{\"@type\":\"ImageObject\",\"inLanguage\":\"de\",\"@id\":\"https:\\\/\\\/shibianta.com\\\/#\\\/schema\\\/logo\\\/image\\\/\",\"url\":\"https:\\\/\\\/shibianta.com\\\/wp-content\\\/uploads\\\/2022\\\/01\\\/sicocxlis_xe_250-removebg-preview-1.png\",\"contentUrl\":\"https:\\\/\\\/shibianta.com\\\/wp-content\\\/uploads\\\/2022\\\/01\\\/sicocxlis_xe_250-removebg-preview-1.png\",\"width\":250,\"height\":250,\"caption\":\"Shibianta\"},\"image\":{\"@id\":\"https:\\\/\\\/shibianta.com\\\/#\\\/schema\\\/logo\\\/image\\\/\"}}]}<\/script>\n<!-- \/ Yoast SEO plugin. -->","yoast_head_json":{"title":"Kulturheilung &#8211; Shibianta","description":"Kulturheilung ist das Einstehen f\u00fcr das Kollektiv. Die Medizin gegen die erfahrene Ungerechtigkeit besteht oft genau darin, das anzusprechen, was uns geschadet hat.","robots":{"index":"index","follow":"follow","max-snippet":"max-snippet:-1","max-image-preview":"max-image-preview:large","max-video-preview":"max-video-preview:-1"},"canonical":"https:\/\/shibianta.com\/de\/kulturelle-heilung\/","og_locale":"de_DE","og_type":"article","og_title":"Kulturheilung &#8211; Shibianta","og_description":"Kulturheilung ist das Einstehen f\u00fcr das Kollektiv. Die Medizin gegen die erfahrene Ungerechtigkeit besteht oft genau darin, das anzusprechen, was uns geschadet hat.","og_url":"https:\/\/shibianta.com\/de\/kulturelle-heilung\/","og_site_name":"Shibianta","article_modified_time":"2022-02-26T11:59:04+00:00","twitter_card":"summary_large_image","twitter_misc":{"Gesch\u00e4tzte Lesezeit":"5\u00a0Minuten"},"schema":{"@context":"https:\/\/schema.org","@graph":[{"@type":"WebPage","@id":"https:\/\/shibianta.com\/de\/kulturelle-heilung\/","url":"https:\/\/shibianta.com\/de\/kulturelle-heilung\/","name":"Kulturheilung &#8211; Shibianta","isPartOf":{"@id":"https:\/\/shibianta.com\/#website"},"datePublished":"2022-01-09T13:01:28+00:00","dateModified":"2022-02-26T11:59:04+00:00","description":"Kulturheilung ist das Einstehen f\u00fcr das Kollektiv. Die Medizin gegen die erfahrene Ungerechtigkeit besteht oft genau darin, das anzusprechen, was uns geschadet hat.","breadcrumb":{"@id":"https:\/\/shibianta.com\/de\/kulturelle-heilung\/#breadcrumb"},"inLanguage":"de","potentialAction":[{"@type":"ReadAction","target":["https:\/\/shibianta.com\/de\/kulturelle-heilung\/"]}]},{"@type":"BreadcrumbList","@id":"https:\/\/shibianta.com\/de\/kulturelle-heilung\/#breadcrumb","itemListElement":[{"@type":"ListItem","position":1,"name":"Home","item":"https:\/\/shibianta.com\/de\/"},{"@type":"ListItem","position":2,"name":"Kulturheilung"}]},{"@type":"WebSite","@id":"https:\/\/shibianta.com\/#website","url":"https:\/\/shibianta.com\/","name":"Shibianta","description":"Archaische Br\u00fccke der Heilung","publisher":{"@id":"https:\/\/shibianta.com\/#organization"},"potentialAction":[{"@type":"SearchAction","target":{"@type":"EntryPoint","urlTemplate":"https:\/\/shibianta.com\/?s={search_term_string}"},"query-input":{"@type":"PropertyValueSpecification","valueRequired":true,"valueName":"search_term_string"}}],"inLanguage":"de"},{"@type":"Organization","@id":"https:\/\/shibianta.com\/#organization","name":"Shibianta","url":"https:\/\/shibianta.com\/","logo":{"@type":"ImageObject","inLanguage":"de","@id":"https:\/\/shibianta.com\/#\/schema\/logo\/image\/","url":"https:\/\/shibianta.com\/wp-content\/uploads\/2022\/01\/sicocxlis_xe_250-removebg-preview-1.png","contentUrl":"https:\/\/shibianta.com\/wp-content\/uploads\/2022\/01\/sicocxlis_xe_250-removebg-preview-1.png","width":250,"height":250,"caption":"Shibianta"},"image":{"@id":"https:\/\/shibianta.com\/#\/schema\/logo\/image\/"}}]}},"_links":{"self":[{"href":"https:\/\/shibianta.com\/de\/wp-json\/wp\/v2\/pages\/652","targetHints":{"allow":["GET"]}}],"collection":[{"href":"https:\/\/shibianta.com\/de\/wp-json\/wp\/v2\/pages"}],"about":[{"href":"https:\/\/shibianta.com\/de\/wp-json\/wp\/v2\/types\/page"}],"author":[{"embeddable":true,"href":"https:\/\/shibianta.com\/de\/wp-json\/wp\/v2\/users\/1"}],"replies":[{"embeddable":true,"href":"https:\/\/shibianta.com\/de\/wp-json\/wp\/v2\/comments?post=652"}],"version-history":[{"count":5,"href":"https:\/\/shibianta.com\/de\/wp-json\/wp\/v2\/pages\/652\/revisions"}],"predecessor-version":[{"id":1035,"href":"https:\/\/shibianta.com\/de\/wp-json\/wp\/v2\/pages\/652\/revisions\/1035"}],"wp:attachment":[{"href":"https:\/\/shibianta.com\/de\/wp-json\/wp\/v2\/media?parent=652"}],"curies":[{"name":"wp","href":"https:\/\/api.w.org\/{rel}","templated":true}]}}