{"id":668,"date":"2022-01-09T14:13:49","date_gmt":"2022-01-09T13:13:49","guid":{"rendered":"https:\/\/shibianta.com\/sitzungen-fuer-kreatives-schreiben\/"},"modified":"2022-02-25T16:55:30","modified_gmt":"2022-02-25T15:55:30","slug":"sitzungen-fuer-kreatives-schreiben","status":"publish","type":"page","link":"https:\/\/shibianta.com\/de\/sitzungen-fuer-kreatives-schreiben\/","title":{"rendered":"Sitzungen f\u00fcr kreatives Schreiben"},"content":{"rendered":"\n<div class=\"wp-block-image\"><figure class=\"aligncenter size-full is-resized\"><img loading=\"lazy\" decoding=\"async\" src=\"https:\/\/shibianta.com\/wp-content\/uploads\/2022\/01\/Creatove-Writing.jpg\" alt=\"\" class=\"wp-image-306\" width=\"792\" height=\"594\" srcset=\"https:\/\/shibianta.com\/wp-content\/uploads\/2022\/01\/Creatove-Writing.jpg 1280w, https:\/\/shibianta.com\/wp-content\/uploads\/2022\/01\/Creatove-Writing-300x225.jpg 300w, https:\/\/shibianta.com\/wp-content\/uploads\/2022\/01\/Creatove-Writing-1024x768.jpg 1024w, https:\/\/shibianta.com\/wp-content\/uploads\/2022\/01\/Creatove-Writing-768x576.jpg 768w\" sizes=\"auto, (max-width: 767px) 89vw, (max-width: 1000px) 54vw, (max-width: 1071px) 543px, 580px\" \/><\/figure><\/div>\n\n<p class=\"has-medium-font-size\">In der Sitzung gestalte ich einen rituell sicheren Raum, in dem Du in eine tiefere Verbindung mit Deiner Stimme, Deiner sch\u00f6pferischen Kraft und jenen Quellen kommst, von denen Du Deine Inspiration sch\u00f6pfst. <\/p>\n\n<p class=\"has-medium-font-size\">Wir werden das Schreiben durch verschiedene \u00dcbungen erforschen, wie z. B. den Bewusstseinsstrom, dem Channeling, den Perspektivenwechsel. Du wirst in einen Dialog mit den Wesen Deiner Umgebung treten, wie den Pflanzen, den Tieren, den Geistern, den Objekten und den Ideen, und Du wirst ihnen durch Dein Schreiben eine Stimme verleihen. Die Sitzungen beinhalten diese und viele andere \u00dcbungen. Sie sind so gestaltet, dass das Schreiben eine abenteuerliche und kreative Erfahrung wird, die gleichzeitig Tiefe, Einsicht und Heilung erm\u00f6glicht.<\/p>\n\n<h2 class=\"wp-block-heading\" id=\"how-does-a-session-work\">Wie l\u00e4uft eine Sitzung ab? <\/h2>\n\n<ul class=\"has-medium-font-size wp-block-list\"><li>Ich biete ein kostenloses 20-30-min\u00fctiges Erstgespr\u00e4ch an, in dem wir uns kennenlernen und herausfinden, wo Du in Deinem kreativen Prozess stehst und was Deine Intentionen f\u00fcr das kreative Schreiben sind.<\/li><li>Die Sitzungen werden in Zoom abgehalten. (Wenn nicht anders angefragt.)<\/li><li>Eine regul\u00e4re Sitzung dauert 60 Minuten.<\/li><li>Ich gestalte einen sicheren Ritualrahmen, sodass Du Deine Schreibstimme eingehend erkunden kannst. Wir rufen Deine Hilfsgeister und vertraulichen Kr\u00e4fte auf und erkunden mit ihrer Hilfe jene relationalen Kan\u00e4le, durch denen Du mit Deiner Umgebung verbunden bist.<\/li><li>Die Sitzungen bestehen aus verschiedenen kreativen Schreib\u00fcbungen, die mit Ritualmethoden versehen sind. Ich werde Dich einladen, den Prozess des Schreibens als Beziehungsakt zwischen Dir und etwas au\u00dferhalb Dir zu erfahren.<\/li><li>Du erh\u00e4ltst &#8220;Haus\u00fcbungen\/ Spiele&#8221;, die sich aus dem Schreibprozess der Sitzungen ergeben.<\/li><li>Du w\u00e4hlst Dein Tempo zwischen den Sitzungen frei.<\/li><li>Preis: Die Kosten f\u00fcr eine regul\u00e4re Sitzung betragen \u20ac50 bis \u20ac60.<\/li><li>Sonderpreis f\u00fcr kreatives Schreiben Intensiv: Drei Sitzungen f\u00fcr \u20ac130 bis \u20ac160.<\/li><\/ul>\n<p>[CP_APP_HOUR_BOOKING id=&#8221;2&#8243;]<\/p>\n","protected":false},"excerpt":{"rendered":"<p>In der Sitzung gestalte ich einen rituell sicheren Raum, in dem Du in eine tiefere Verbindung mit Deiner Stimme, Deiner sch\u00f6pferischen Kraft und jenen Quellen kommst, von denen Du Deine Inspiration sch\u00f6pfst. Wir werden das Schreiben durch verschiedene \u00dcbungen erforschen, wie z. B. den Bewusstseinsstrom, dem Channeling, den Perspektivenwechsel. Du wirst in einen Dialog mit &hellip; <\/p>\n<p class=\"link-more\"><a href=\"https:\/\/shibianta.com\/de\/sitzungen-fuer-kreatives-schreiben\/\" class=\"more-link\"><span class=\"screen-reader-text\">\u201eSitzungen f\u00fcr kreatives Schreiben\u201c <\/span>weiterlesen<\/a><\/p>\n","protected":false},"author":1,"featured_media":0,"parent":0,"menu_order":0,"comment_status":"closed","ping_status":"closed","template":"","meta":{"nf_dc_page":"","_monsterinsights_skip_tracking":false,"_monsterinsights_sitenote_active":false,"_monsterinsights_sitenote_note":"","_monsterinsights_sitenote_category":0,"footnotes":""},"class_list":["post-668","page","type-page","status-publish","hentry"],"yoast_head":"<!-- This site is optimized with the Yoast SEO plugin v27.4 - https:\/\/yoast.com\/product\/yoast-seo-wordpress\/ -->\n<title>Sitzungen f\u00fcr kreatives Schreiben &#8211; Shibianta<\/title>\n<meta name=\"description\" content=\"Suchst Du eine tiefere Verbindung mit Deiner Stimme und Deiner sch\u00f6pferischen Kraft? Hier entdeckst Du die hilfreichen Quellen, aus denen Du Deine Inspirationen sch\u00f6pfst.\" \/>\n<meta name=\"robots\" content=\"index, follow, max-snippet:-1, max-image-preview:large, max-video-preview:-1\" \/>\n<link rel=\"canonical\" href=\"https:\/\/shibianta.com\/de\/sitzungen-fuer-kreatives-schreiben\/\" \/>\n<meta property=\"og:locale\" content=\"de_DE\" \/>\n<meta property=\"og:type\" content=\"article\" \/>\n<meta property=\"og:title\" content=\"Sitzungen f\u00fcr kreatives Schreiben &#8211; Shibianta\" \/>\n<meta property=\"og:description\" content=\"Suchst Du eine tiefere Verbindung mit Deiner Stimme und Deiner sch\u00f6pferischen Kraft? Hier entdeckst Du die hilfreichen Quellen, aus denen Du Deine Inspirationen sch\u00f6pfst.\" \/>\n<meta property=\"og:url\" content=\"https:\/\/shibianta.com\/de\/sitzungen-fuer-kreatives-schreiben\/\" \/>\n<meta property=\"og:site_name\" content=\"Shibianta\" \/>\n<meta property=\"article:modified_time\" content=\"2022-02-25T15:55:30+00:00\" \/>\n<meta property=\"og:image\" content=\"https:\/\/shibianta.com\/wp-content\/uploads\/2022\/01\/Creatove-Writing.jpg\" \/>\n<meta name=\"twitter:card\" content=\"summary_large_image\" \/>\n<meta name=\"twitter:label1\" content=\"Gesch\u00e4tzte Lesezeit\" \/>\n\t<meta name=\"twitter:data1\" content=\"1\u00a0Minute\" \/>\n<script type=\"application\/ld+json\" class=\"yoast-schema-graph\">{\"@context\":\"https:\\\/\\\/schema.org\",\"@graph\":[{\"@type\":\"WebPage\",\"@id\":\"https:\\\/\\\/shibianta.com\\\/de\\\/sitzungen-fuer-kreatives-schreiben\\\/\",\"url\":\"https:\\\/\\\/shibianta.com\\\/de\\\/sitzungen-fuer-kreatives-schreiben\\\/\",\"name\":\"Sitzungen f\u00fcr kreatives Schreiben &#8211; Shibianta\",\"isPartOf\":{\"@id\":\"https:\\\/\\\/shibianta.com\\\/#website\"},\"primaryImageOfPage\":{\"@id\":\"https:\\\/\\\/shibianta.com\\\/de\\\/sitzungen-fuer-kreatives-schreiben\\\/#primaryimage\"},\"image\":{\"@id\":\"https:\\\/\\\/shibianta.com\\\/de\\\/sitzungen-fuer-kreatives-schreiben\\\/#primaryimage\"},\"thumbnailUrl\":\"https:\\\/\\\/shibianta.com\\\/wp-content\\\/uploads\\\/2022\\\/01\\\/Creatove-Writing.jpg\",\"datePublished\":\"2022-01-09T13:13:49+00:00\",\"dateModified\":\"2022-02-25T15:55:30+00:00\",\"description\":\"Suchst Du eine tiefere Verbindung mit Deiner Stimme und Deiner sch\u00f6pferischen Kraft? Hier entdeckst Du die hilfreichen Quellen, aus denen Du Deine Inspirationen sch\u00f6pfst.\",\"breadcrumb\":{\"@id\":\"https:\\\/\\\/shibianta.com\\\/de\\\/sitzungen-fuer-kreatives-schreiben\\\/#breadcrumb\"},\"inLanguage\":\"de\",\"potentialAction\":[{\"@type\":\"ReadAction\",\"target\":[\"https:\\\/\\\/shibianta.com\\\/de\\\/sitzungen-fuer-kreatives-schreiben\\\/\"]}]},{\"@type\":\"ImageObject\",\"inLanguage\":\"de\",\"@id\":\"https:\\\/\\\/shibianta.com\\\/de\\\/sitzungen-fuer-kreatives-schreiben\\\/#primaryimage\",\"url\":\"https:\\\/\\\/shibianta.com\\\/wp-content\\\/uploads\\\/2022\\\/01\\\/Creatove-Writing.jpg\",\"contentUrl\":\"https:\\\/\\\/shibianta.com\\\/wp-content\\\/uploads\\\/2022\\\/01\\\/Creatove-Writing.jpg\"},{\"@type\":\"BreadcrumbList\",\"@id\":\"https:\\\/\\\/shibianta.com\\\/de\\\/sitzungen-fuer-kreatives-schreiben\\\/#breadcrumb\",\"itemListElement\":[{\"@type\":\"ListItem\",\"position\":1,\"name\":\"Home\",\"item\":\"https:\\\/\\\/shibianta.com\\\/de\\\/\"},{\"@type\":\"ListItem\",\"position\":2,\"name\":\"Sitzungen f\u00fcr kreatives Schreiben\"}]},{\"@type\":\"WebSite\",\"@id\":\"https:\\\/\\\/shibianta.com\\\/#website\",\"url\":\"https:\\\/\\\/shibianta.com\\\/\",\"name\":\"Shibianta\",\"description\":\"Archaische Br\u00fccke der Heilung\",\"publisher\":{\"@id\":\"https:\\\/\\\/shibianta.com\\\/#organization\"},\"potentialAction\":[{\"@type\":\"SearchAction\",\"target\":{\"@type\":\"EntryPoint\",\"urlTemplate\":\"https:\\\/\\\/shibianta.com\\\/?s={search_term_string}\"},\"query-input\":{\"@type\":\"PropertyValueSpecification\",\"valueRequired\":true,\"valueName\":\"search_term_string\"}}],\"inLanguage\":\"de\"},{\"@type\":\"Organization\",\"@id\":\"https:\\\/\\\/shibianta.com\\\/#organization\",\"name\":\"Shibianta\",\"url\":\"https:\\\/\\\/shibianta.com\\\/\",\"logo\":{\"@type\":\"ImageObject\",\"inLanguage\":\"de\",\"@id\":\"https:\\\/\\\/shibianta.com\\\/#\\\/schema\\\/logo\\\/image\\\/\",\"url\":\"https:\\\/\\\/shibianta.com\\\/wp-content\\\/uploads\\\/2022\\\/01\\\/sicocxlis_xe_250-removebg-preview-1.png\",\"contentUrl\":\"https:\\\/\\\/shibianta.com\\\/wp-content\\\/uploads\\\/2022\\\/01\\\/sicocxlis_xe_250-removebg-preview-1.png\",\"width\":250,\"height\":250,\"caption\":\"Shibianta\"},\"image\":{\"@id\":\"https:\\\/\\\/shibianta.com\\\/#\\\/schema\\\/logo\\\/image\\\/\"}}]}<\/script>\n<!-- \/ Yoast SEO plugin. -->","yoast_head_json":{"title":"Sitzungen f\u00fcr kreatives Schreiben &#8211; Shibianta","description":"Suchst Du eine tiefere Verbindung mit Deiner Stimme und Deiner sch\u00f6pferischen Kraft? Hier entdeckst Du die hilfreichen Quellen, aus denen Du Deine Inspirationen sch\u00f6pfst.","robots":{"index":"index","follow":"follow","max-snippet":"max-snippet:-1","max-image-preview":"max-image-preview:large","max-video-preview":"max-video-preview:-1"},"canonical":"https:\/\/shibianta.com\/de\/sitzungen-fuer-kreatives-schreiben\/","og_locale":"de_DE","og_type":"article","og_title":"Sitzungen f\u00fcr kreatives Schreiben &#8211; Shibianta","og_description":"Suchst Du eine tiefere Verbindung mit Deiner Stimme und Deiner sch\u00f6pferischen Kraft? Hier entdeckst Du die hilfreichen Quellen, aus denen Du Deine Inspirationen sch\u00f6pfst.","og_url":"https:\/\/shibianta.com\/de\/sitzungen-fuer-kreatives-schreiben\/","og_site_name":"Shibianta","article_modified_time":"2022-02-25T15:55:30+00:00","og_image":[{"url":"https:\/\/shibianta.com\/wp-content\/uploads\/2022\/01\/Creatove-Writing.jpg","type":"","width":"","height":""}],"twitter_card":"summary_large_image","twitter_misc":{"Gesch\u00e4tzte Lesezeit":"1\u00a0Minute"},"schema":{"@context":"https:\/\/schema.org","@graph":[{"@type":"WebPage","@id":"https:\/\/shibianta.com\/de\/sitzungen-fuer-kreatives-schreiben\/","url":"https:\/\/shibianta.com\/de\/sitzungen-fuer-kreatives-schreiben\/","name":"Sitzungen f\u00fcr kreatives Schreiben &#8211; Shibianta","isPartOf":{"@id":"https:\/\/shibianta.com\/#website"},"primaryImageOfPage":{"@id":"https:\/\/shibianta.com\/de\/sitzungen-fuer-kreatives-schreiben\/#primaryimage"},"image":{"@id":"https:\/\/shibianta.com\/de\/sitzungen-fuer-kreatives-schreiben\/#primaryimage"},"thumbnailUrl":"https:\/\/shibianta.com\/wp-content\/uploads\/2022\/01\/Creatove-Writing.jpg","datePublished":"2022-01-09T13:13:49+00:00","dateModified":"2022-02-25T15:55:30+00:00","description":"Suchst Du eine tiefere Verbindung mit Deiner Stimme und Deiner sch\u00f6pferischen Kraft? Hier entdeckst Du die hilfreichen Quellen, aus denen Du Deine Inspirationen sch\u00f6pfst.","breadcrumb":{"@id":"https:\/\/shibianta.com\/de\/sitzungen-fuer-kreatives-schreiben\/#breadcrumb"},"inLanguage":"de","potentialAction":[{"@type":"ReadAction","target":["https:\/\/shibianta.com\/de\/sitzungen-fuer-kreatives-schreiben\/"]}]},{"@type":"ImageObject","inLanguage":"de","@id":"https:\/\/shibianta.com\/de\/sitzungen-fuer-kreatives-schreiben\/#primaryimage","url":"https:\/\/shibianta.com\/wp-content\/uploads\/2022\/01\/Creatove-Writing.jpg","contentUrl":"https:\/\/shibianta.com\/wp-content\/uploads\/2022\/01\/Creatove-Writing.jpg"},{"@type":"BreadcrumbList","@id":"https:\/\/shibianta.com\/de\/sitzungen-fuer-kreatives-schreiben\/#breadcrumb","itemListElement":[{"@type":"ListItem","position":1,"name":"Home","item":"https:\/\/shibianta.com\/de\/"},{"@type":"ListItem","position":2,"name":"Sitzungen f\u00fcr kreatives Schreiben"}]},{"@type":"WebSite","@id":"https:\/\/shibianta.com\/#website","url":"https:\/\/shibianta.com\/","name":"Shibianta","description":"Archaische Br\u00fccke der Heilung","publisher":{"@id":"https:\/\/shibianta.com\/#organization"},"potentialAction":[{"@type":"SearchAction","target":{"@type":"EntryPoint","urlTemplate":"https:\/\/shibianta.com\/?s={search_term_string}"},"query-input":{"@type":"PropertyValueSpecification","valueRequired":true,"valueName":"search_term_string"}}],"inLanguage":"de"},{"@type":"Organization","@id":"https:\/\/shibianta.com\/#organization","name":"Shibianta","url":"https:\/\/shibianta.com\/","logo":{"@type":"ImageObject","inLanguage":"de","@id":"https:\/\/shibianta.com\/#\/schema\/logo\/image\/","url":"https:\/\/shibianta.com\/wp-content\/uploads\/2022\/01\/sicocxlis_xe_250-removebg-preview-1.png","contentUrl":"https:\/\/shibianta.com\/wp-content\/uploads\/2022\/01\/sicocxlis_xe_250-removebg-preview-1.png","width":250,"height":250,"caption":"Shibianta"},"image":{"@id":"https:\/\/shibianta.com\/#\/schema\/logo\/image\/"}}]}},"_links":{"self":[{"href":"https:\/\/shibianta.com\/de\/wp-json\/wp\/v2\/pages\/668","targetHints":{"allow":["GET"]}}],"collection":[{"href":"https:\/\/shibianta.com\/de\/wp-json\/wp\/v2\/pages"}],"about":[{"href":"https:\/\/shibianta.com\/de\/wp-json\/wp\/v2\/types\/page"}],"author":[{"embeddable":true,"href":"https:\/\/shibianta.com\/de\/wp-json\/wp\/v2\/users\/1"}],"replies":[{"embeddable":true,"href":"https:\/\/shibianta.com\/de\/wp-json\/wp\/v2\/comments?post=668"}],"version-history":[{"count":5,"href":"https:\/\/shibianta.com\/de\/wp-json\/wp\/v2\/pages\/668\/revisions"}],"predecessor-version":[{"id":1030,"href":"https:\/\/shibianta.com\/de\/wp-json\/wp\/v2\/pages\/668\/revisions\/1030"}],"wp:attachment":[{"href":"https:\/\/shibianta.com\/de\/wp-json\/wp\/v2\/media?parent=668"}],"curies":[{"name":"wp","href":"https:\/\/api.w.org\/{rel}","templated":true}]}}