{"id":671,"date":"2022-01-28T17:50:33","date_gmt":"2022-01-28T16:50:33","guid":{"rendered":"https:\/\/shibianta.com\/geschaeftsbedingungen\/"},"modified":"2022-02-04T17:24:45","modified_gmt":"2022-02-04T16:24:45","slug":"geschaeftsbedingungen","status":"publish","type":"page","link":"https:\/\/shibianta.com\/de\/geschaeftsbedingungen\/","title":{"rendered":"Gesch\u00e4ftsbedingungen"},"content":{"rendered":"\n<p>Willkommen bei <em>Shibianta<\/em> . Wenn Sie diese Website weiterhin durchsuchen und nutzen, stimmen Sie zu, die folgenden Nutzungsbedingungen einzuhalten und an diese gebunden zu sein, die zusammen mit unserer Datenschutzrichtlinie die Beziehung von <em>Shibianta<\/em> zu Ihnen in Bezug auf diese Website regeln.<\/p>\n\n<p>Der Begriff <em>Shibianta<\/em> oder \u201euns\u201c oder \u201ewir\u201c bezieht sich auf den Eigent\u00fcmer der Website. Der Begriff \u201eSie\u201c bezieht sich auf den Benutzer oder Betrachter unserer Website. Die Nutzung dieser Website unterliegt den folgenden Nutzungsbedingungen:<\/p>\n\n<ul class=\"wp-block-list\"><li>Der Inhalt der Seiten dieser Website dient ausschlie\u00dflich Ihrer allgemeinen Information und Nutzung. \u00c4nderungen sind vorbehalten.<\/li><li>Weder wir noch Dritte \u00fcbernehmen eine Gew\u00e4hrleistung oder Garantie hinsichtlich der Genauigkeit, Aktualit\u00e4t, Leistung, Vollst\u00e4ndigkeit oder Eignung der auf dieser Website gefundenen oder angebotenen Informationen und Materialien f\u00fcr einen bestimmten Zweck. Sie erkennen an, dass solche Informationen und Materialien Ungenauigkeiten oder Fehler enthalten k\u00f6nnen, und wir schlie\u00dfen ausdr\u00fccklich die Haftung f\u00fcr solche Ungenauigkeiten oder Fehler im gesetzlich zul\u00e4ssigen Umfang aus.<\/li><li>Ihre Nutzung von Informationen oder Materialien auf dieser Website erfolgt ausschlie\u00dflich auf Ihr eigenes Risiko, f\u00fcr das wir nicht haftbar sind. Es liegt in Ihrer eigenen Verantwortung, sicherzustellen, dass alle Produkte, Dienstleistungen oder Informationen, die \u00fcber diese Website verf\u00fcgbar sind, Ihren spezifischen Anforderungen entsprechen.<\/li><li>Diese Website enth\u00e4lt Material, das uns geh\u00f6rt oder an uns lizenziert ist. Dieses Material umfasst, ist aber nicht beschr\u00e4nkt auf Design, Layout, Aussehen, Erscheinungsbild und Grafiken. Die Vervielf\u00e4ltigung ist au\u00dfer in \u00dcbereinstimmung mit dem Urheberrechtshinweis untersagt, das einen Bestandteil dieser Gesch\u00e4ftsbedingungen darstellt.<\/li><li>Alle auf dieser Website wiedergegebenen Marken, die nicht Eigentum des Betreibers sind oder an ihn lizenziert sind, werden auf der Website anerkannt.<\/li><li>Die unbefugte Nutzung dieser Website kann zu Schadensersatzanspr\u00fcchen f\u00fchren und\/oder eine Straftat darstellen.<\/li><li>Von Zeit zu Zeit kann diese Website auch Links zu anderen Websites enthalten. Diese Links werden Ihnen zur Bereitstellung weiterer Informationen zur Verf\u00fcgung gestellt. Das bedeutet nicht, dass wir die Website(s) unterst\u00fctzen. F\u00fcr den Inhalt der verlinkten Website(s) \u00fcbernehmen wir keine Verantwortung.<\/li><li>Sie d\u00fcrfen ohne die vorherige schriftliche Zustimmung von <em>Shibianta<\/em> keinen Link von einer anderen Website oder einem anderen Dokument zu dieser Website erstellen.<\/li><\/ul>\n","protected":false},"excerpt":{"rendered":"<p>Willkommen bei Shibianta . Wenn Sie diese Website weiterhin durchsuchen und nutzen, stimmen Sie zu, die folgenden Nutzungsbedingungen einzuhalten und an diese gebunden zu sein, die zusammen mit unserer Datenschutzrichtlinie die Beziehung von Shibianta zu Ihnen in Bezug auf diese Website regeln. Der Begriff Shibianta oder \u201euns\u201c oder \u201ewir\u201c bezieht sich auf den Eigent\u00fcmer der &hellip; <\/p>\n<p class=\"link-more\"><a href=\"https:\/\/shibianta.com\/de\/geschaeftsbedingungen\/\" class=\"more-link\"><span class=\"screen-reader-text\">\u201eGesch\u00e4ftsbedingungen\u201c <\/span>weiterlesen<\/a><\/p>\n","protected":false},"author":1,"featured_media":0,"parent":0,"menu_order":0,"comment_status":"closed","ping_status":"closed","template":"","meta":{"nf_dc_page":"","_monsterinsights_skip_tracking":false,"_monsterinsights_sitenote_active":false,"_monsterinsights_sitenote_note":"","_monsterinsights_sitenote_category":0,"footnotes":""},"class_list":["post-671","page","type-page","status-publish","hentry"],"yoast_head":"<!-- This site is optimized with the Yoast SEO plugin v27.4 - https:\/\/yoast.com\/product\/yoast-seo-wordpress\/ -->\n<title>Gesch\u00e4ftsbedingungen &#8211; Shibianta<\/title>\n<meta name=\"robots\" content=\"index, follow, max-snippet:-1, max-image-preview:large, max-video-preview:-1\" \/>\n<link rel=\"canonical\" href=\"https:\/\/shibianta.com\/de\/geschaeftsbedingungen\/\" \/>\n<meta property=\"og:locale\" content=\"de_DE\" \/>\n<meta property=\"og:type\" content=\"article\" \/>\n<meta property=\"og:title\" content=\"Gesch\u00e4ftsbedingungen &#8211; Shibianta\" \/>\n<meta property=\"og:description\" content=\"Willkommen bei Shibianta . Wenn Sie diese Website weiterhin durchsuchen und nutzen, stimmen Sie zu, die folgenden Nutzungsbedingungen einzuhalten und an diese gebunden zu sein, die zusammen mit unserer Datenschutzrichtlinie die Beziehung von Shibianta zu Ihnen in Bezug auf diese Website regeln. Der Begriff Shibianta oder \u201euns\u201c oder \u201ewir\u201c bezieht sich auf den Eigent\u00fcmer der &hellip; \u201eGesch\u00e4ftsbedingungen\u201c weiterlesen\" \/>\n<meta property=\"og:url\" content=\"https:\/\/shibianta.com\/de\/geschaeftsbedingungen\/\" \/>\n<meta property=\"og:site_name\" content=\"Shibianta\" \/>\n<meta property=\"article:modified_time\" content=\"2022-02-04T16:24:45+00:00\" \/>\n<meta name=\"twitter:card\" content=\"summary_large_image\" \/>\n<meta name=\"twitter:label1\" content=\"Gesch\u00e4tzte Lesezeit\" \/>\n\t<meta name=\"twitter:data1\" content=\"2\u00a0Minuten\" \/>\n<script type=\"application\/ld+json\" class=\"yoast-schema-graph\">{\"@context\":\"https:\\\/\\\/schema.org\",\"@graph\":[{\"@type\":\"WebPage\",\"@id\":\"https:\\\/\\\/shibianta.com\\\/de\\\/geschaeftsbedingungen\\\/\",\"url\":\"https:\\\/\\\/shibianta.com\\\/de\\\/geschaeftsbedingungen\\\/\",\"name\":\"Gesch\u00e4ftsbedingungen &#8211; Shibianta\",\"isPartOf\":{\"@id\":\"https:\\\/\\\/shibianta.com\\\/#website\"},\"datePublished\":\"2022-01-28T16:50:33+00:00\",\"dateModified\":\"2022-02-04T16:24:45+00:00\",\"breadcrumb\":{\"@id\":\"https:\\\/\\\/shibianta.com\\\/de\\\/geschaeftsbedingungen\\\/#breadcrumb\"},\"inLanguage\":\"de\",\"potentialAction\":[{\"@type\":\"ReadAction\",\"target\":[\"https:\\\/\\\/shibianta.com\\\/de\\\/geschaeftsbedingungen\\\/\"]}]},{\"@type\":\"BreadcrumbList\",\"@id\":\"https:\\\/\\\/shibianta.com\\\/de\\\/geschaeftsbedingungen\\\/#breadcrumb\",\"itemListElement\":[{\"@type\":\"ListItem\",\"position\":1,\"name\":\"Home\",\"item\":\"https:\\\/\\\/shibianta.com\\\/de\\\/\"},{\"@type\":\"ListItem\",\"position\":2,\"name\":\"Gesch\u00e4ftsbedingungen\"}]},{\"@type\":\"WebSite\",\"@id\":\"https:\\\/\\\/shibianta.com\\\/#website\",\"url\":\"https:\\\/\\\/shibianta.com\\\/\",\"name\":\"Shibianta\",\"description\":\"Archaische Br\u00fccke der Heilung\",\"publisher\":{\"@id\":\"https:\\\/\\\/shibianta.com\\\/#organization\"},\"potentialAction\":[{\"@type\":\"SearchAction\",\"target\":{\"@type\":\"EntryPoint\",\"urlTemplate\":\"https:\\\/\\\/shibianta.com\\\/?s={search_term_string}\"},\"query-input\":{\"@type\":\"PropertyValueSpecification\",\"valueRequired\":true,\"valueName\":\"search_term_string\"}}],\"inLanguage\":\"de\"},{\"@type\":\"Organization\",\"@id\":\"https:\\\/\\\/shibianta.com\\\/#organization\",\"name\":\"Shibianta\",\"url\":\"https:\\\/\\\/shibianta.com\\\/\",\"logo\":{\"@type\":\"ImageObject\",\"inLanguage\":\"de\",\"@id\":\"https:\\\/\\\/shibianta.com\\\/#\\\/schema\\\/logo\\\/image\\\/\",\"url\":\"https:\\\/\\\/shibianta.com\\\/wp-content\\\/uploads\\\/2022\\\/01\\\/sicocxlis_xe_250-removebg-preview-1.png\",\"contentUrl\":\"https:\\\/\\\/shibianta.com\\\/wp-content\\\/uploads\\\/2022\\\/01\\\/sicocxlis_xe_250-removebg-preview-1.png\",\"width\":250,\"height\":250,\"caption\":\"Shibianta\"},\"image\":{\"@id\":\"https:\\\/\\\/shibianta.com\\\/#\\\/schema\\\/logo\\\/image\\\/\"}}]}<\/script>\n<!-- \/ Yoast SEO plugin. -->","yoast_head_json":{"title":"Gesch\u00e4ftsbedingungen &#8211; Shibianta","robots":{"index":"index","follow":"follow","max-snippet":"max-snippet:-1","max-image-preview":"max-image-preview:large","max-video-preview":"max-video-preview:-1"},"canonical":"https:\/\/shibianta.com\/de\/geschaeftsbedingungen\/","og_locale":"de_DE","og_type":"article","og_title":"Gesch\u00e4ftsbedingungen &#8211; Shibianta","og_description":"Willkommen bei Shibianta . Wenn Sie diese Website weiterhin durchsuchen und nutzen, stimmen Sie zu, die folgenden Nutzungsbedingungen einzuhalten und an diese gebunden zu sein, die zusammen mit unserer Datenschutzrichtlinie die Beziehung von Shibianta zu Ihnen in Bezug auf diese Website regeln. Der Begriff Shibianta oder \u201euns\u201c oder \u201ewir\u201c bezieht sich auf den Eigent\u00fcmer der &hellip; \u201eGesch\u00e4ftsbedingungen\u201c weiterlesen","og_url":"https:\/\/shibianta.com\/de\/geschaeftsbedingungen\/","og_site_name":"Shibianta","article_modified_time":"2022-02-04T16:24:45+00:00","twitter_card":"summary_large_image","twitter_misc":{"Gesch\u00e4tzte Lesezeit":"2\u00a0Minuten"},"schema":{"@context":"https:\/\/schema.org","@graph":[{"@type":"WebPage","@id":"https:\/\/shibianta.com\/de\/geschaeftsbedingungen\/","url":"https:\/\/shibianta.com\/de\/geschaeftsbedingungen\/","name":"Gesch\u00e4ftsbedingungen &#8211; Shibianta","isPartOf":{"@id":"https:\/\/shibianta.com\/#website"},"datePublished":"2022-01-28T16:50:33+00:00","dateModified":"2022-02-04T16:24:45+00:00","breadcrumb":{"@id":"https:\/\/shibianta.com\/de\/geschaeftsbedingungen\/#breadcrumb"},"inLanguage":"de","potentialAction":[{"@type":"ReadAction","target":["https:\/\/shibianta.com\/de\/geschaeftsbedingungen\/"]}]},{"@type":"BreadcrumbList","@id":"https:\/\/shibianta.com\/de\/geschaeftsbedingungen\/#breadcrumb","itemListElement":[{"@type":"ListItem","position":1,"name":"Home","item":"https:\/\/shibianta.com\/de\/"},{"@type":"ListItem","position":2,"name":"Gesch\u00e4ftsbedingungen"}]},{"@type":"WebSite","@id":"https:\/\/shibianta.com\/#website","url":"https:\/\/shibianta.com\/","name":"Shibianta","description":"Archaische Br\u00fccke der Heilung","publisher":{"@id":"https:\/\/shibianta.com\/#organization"},"potentialAction":[{"@type":"SearchAction","target":{"@type":"EntryPoint","urlTemplate":"https:\/\/shibianta.com\/?s={search_term_string}"},"query-input":{"@type":"PropertyValueSpecification","valueRequired":true,"valueName":"search_term_string"}}],"inLanguage":"de"},{"@type":"Organization","@id":"https:\/\/shibianta.com\/#organization","name":"Shibianta","url":"https:\/\/shibianta.com\/","logo":{"@type":"ImageObject","inLanguage":"de","@id":"https:\/\/shibianta.com\/#\/schema\/logo\/image\/","url":"https:\/\/shibianta.com\/wp-content\/uploads\/2022\/01\/sicocxlis_xe_250-removebg-preview-1.png","contentUrl":"https:\/\/shibianta.com\/wp-content\/uploads\/2022\/01\/sicocxlis_xe_250-removebg-preview-1.png","width":250,"height":250,"caption":"Shibianta"},"image":{"@id":"https:\/\/shibianta.com\/#\/schema\/logo\/image\/"}}]}},"_links":{"self":[{"href":"https:\/\/shibianta.com\/de\/wp-json\/wp\/v2\/pages\/671","targetHints":{"allow":["GET"]}}],"collection":[{"href":"https:\/\/shibianta.com\/de\/wp-json\/wp\/v2\/pages"}],"about":[{"href":"https:\/\/shibianta.com\/de\/wp-json\/wp\/v2\/types\/page"}],"author":[{"embeddable":true,"href":"https:\/\/shibianta.com\/de\/wp-json\/wp\/v2\/users\/1"}],"replies":[{"embeddable":true,"href":"https:\/\/shibianta.com\/de\/wp-json\/wp\/v2\/comments?post=671"}],"version-history":[{"count":4,"href":"https:\/\/shibianta.com\/de\/wp-json\/wp\/v2\/pages\/671\/revisions"}],"predecessor-version":[{"id":786,"href":"https:\/\/shibianta.com\/de\/wp-json\/wp\/v2\/pages\/671\/revisions\/786"}],"wp:attachment":[{"href":"https:\/\/shibianta.com\/de\/wp-json\/wp\/v2\/media?parent=671"}],"curies":[{"name":"wp","href":"https:\/\/api.w.org\/{rel}","templated":true}]}}