{"id":680,"date":"2022-01-09T14:02:32","date_gmt":"2022-01-09T13:02:32","guid":{"rendered":"https:\/\/shibianta.com\/kreatives-schreiben\/"},"modified":"2022-02-25T16:51:27","modified_gmt":"2022-02-25T15:51:27","slug":"kreatives-schreiben","status":"publish","type":"page","link":"https:\/\/shibianta.com\/de\/kreatives-schreiben\/","title":{"rendered":"Kreatives Schreiben"},"content":{"rendered":"\n<p class=\"has-drop-cap has-medium-font-size\">Kreatives Schreiben ist ein hervorragender Weg in Fluss, mit der Seele, dem Herz und dem Verstand zu kommen.<\/p>\n\n<p class=\"has-medium-font-size\">Wenn Du Dich mit Deiner Stimme verbinden, Deine Kreativit\u00e4t neu entfachen, Deine Schreibf\u00e4higkeiten erweitern und das Schreiben als rituellen Beziehungsprozess erfahren m\u00f6chtest, dann bist Du hier genau richtig. <\/p>\n\n<h2 class=\"wp-block-heading\" id=\"why-creative-writing\">Wozu kreatives Schreiben?<\/h2>\n\n<p class=\"has-medium-font-size\">Kreatives Schreiben verbessert nicht nur unsere Schreibf\u00e4higkeiten, sondern kann auch von heilender Bedeutung sein, indem sie uns n\u00e4her zu unserer Lebenskraft bringt. Wenn der Schreibprozess au\u00dferdem rituell gerahmt ist, f\u00f6rdert es die Erkundung des Schreibens als einen relationalen Prozess zwischen uns und anderen Wesen. Dies verbessert wiederum allgemein die Qualit\u00e4t unserer Kommunikationsweisen.<\/p>\n\n<h2 class=\"wp-block-heading\" id=\"why-writing\">Wozu Schreiben?<\/h2>\n\n<p class=\"has-medium-font-size\">Das Storytelling ist so alt wie die Menschen selbst. Wir sind in einem stetigen Prozess, unseren Erfahrungen Sinn zu geben. Schreiben ist ein hervorragender Weg, uns mit dem, wie wir unsere Welt wahrnehmen, zu verbinden. Jeder von uns hat aufgrund unserer einzigartigen Verk\u00f6rperung eine einzigartige Perspektive. Wir nehmen es oft als selbstverst\u00e4ndlich hin, wie wir die Welt sehen, und doch hat ein anderes Wesen oft eine ganz andere Vorstellung von dem selben Gegenstand. Die Artikulation unserer Ideen und Gedanken durch das Schreiben macht uns bewusst, wie wir die Dinge sehen und verstehen. Es hilft dabei, uns selbst und die Welt genauer zu erkennen und wirkt somit als Orientierungshelfer unseres Lebensweges. <\/p>\n\n<h2 class=\"wp-block-heading\" id=\"ideas-are-flexible\">Ideen sind flexibel<\/h2>\n\n<p class=\"has-medium-font-size\">Wenn wir klarer verstehen, wo wir uns im Leben befinden und welche Geschichten wir \u00fcber die Welt erz\u00e4hlen, begreifen wir den flexiblen Charakter von Gedanken und Ideen. Wir sind imstande, unsere Bedeutungen und Geschichten \u00fcber die Welt zu \u00e4ndern. Diese Erkenntnis bem\u00e4chtigt uns und gibt uns die Freiheit, bewusst zu entscheiden, welche Geschichten wir kreieren wollen. <\/p>\n\n<h2 class=\"wp-block-heading\" id=\"writing-is-relational\">Schreiben ist relational<\/h2>\n\n<p class=\"has-medium-font-size\">Selbsterkenntnis ist ein hilfreicher Verb\u00fcndeter des kreativen Schreibens, aber wir k\u00f6nnen noch einen Schritt weiter gehen und es zu einer Beziehungserfahrung machen und die Beziehungsbindungen erforschen, in die wir ohnehin schon eingebettet sind. Ob es die Beziehungen mit anderen Menschen sind oder mit Wesen, wie Pflanzen, B\u00e4umen, Tieren, Geistern und Gottheiten. Es kann das Bewusstsein f\u00fcr die vielf\u00e4ltigen Ausdrucksm\u00f6glichkeiten dieser Beziehungen st\u00e4rken und damit unsere Kommunikationsf\u00e4higkeit insgesamt verbessern. <\/p>\n\n<h2 class=\"wp-block-heading\" id=\"inspiration-is-relational\">Inspiration ist relational<\/h2>\n\n<p class=\"has-medium-font-size\">Uns mit der sch\u00f6pferischen Kraft zu verbinden bedeutet, uns inspirieren zu lassen und umgekehrt. Inspiration entsteht nicht nur in uns selbst, Inspiration ist \u00fcberall um uns herum. Ich glaube, dass jede Art von kreativer Ausdruck ein Prozess der Ko-Kreation mit anderen Wesen ist. Sei es der Baum vor Deinem Fenster, die herein wehende frische Luft, die alten Worte Deiner Gro\u00dfmutter, der miauge Standpunkt Deiner Katze, oder die in der K\u00fcche singende Freundin. <em>Wenn wir etwas erschaffen, erschaffen wir in Beziehung mit etwas&#8230; anderem.<\/em> <\/p>\n\n<h2 class=\"wp-block-heading\" id=\"bringing-the-sense-of-co-creation-conscious-into-our-creative-writing-process-is-not-only-a-fun-alternative-exercise-for-writing-but-can-also-be-of-healing-significance-in-our-relational-experience-of-communication-with-beings-that-are-not-necessarily-only-human\">Das Bewusstsein der Ko-Kreation in unseren kreativen Schreibprozess einzubringen, ist nicht nur eine unterhaltsame alternative Schreib\u00fcbung, sondern kann auch von heilender Bedeutung sein. Sie wirkt heilend auf jegliche Kommunikationsweisen, ob mit Menschen oder anderen Wesen. <\/h2>\n\n<h2 class=\"wp-block-heading\" id=\"creative-writing-can-be-vulnerable\">Kreatives Schreiben kann verwundbar sein<\/h2>\n\n<p class=\"has-medium-font-size\">Kreatives Schreiben ist eine vergn\u00fcgende Erfahrung. Sie kann aber auch verwundbare Stellen wachrufen. Es ist wichtig, diese sanften Stellen zuzulassen und ihnen Raum zu geben. Die Sitzungen ber\u00fccksichtigen die Verwundbarkeit des kreativen Prozesses und schaffen Raum f\u00fcr Heilung, sodass Deine Kreativit\u00e4t gedeihen kann. Die Sitzungen sind so gestaltet, dass die Einzigartigkeit Deiner Stimme offenbart werden kann. Du verbindest Dich mit Deiner Sch\u00f6pfungskraft und erkundest die relationale Eigenschaft des Schreibens. <\/p>\n\n<p class=\"has-medium-font-size\">Du willst anfangen? <\/p>\n\n<p class=\"has-medium-font-size\">Lasst uns beginnen!<\/p>\n\n<div class=\"wp-block-buttons is-layout-flex wp-block-buttons-is-layout-flex\">\n<div class=\"wp-block-button has-custom-font-size is-style-outline has-medium-font-size is-style-outline--1\"><a class=\"wp-block-button__link has-vivid-green-cyan-color has-text-color\" href=\"https:\/\/shibianta.com\/de\/sitzungen-fuer-kreatives-schreiben\/\" target=\"_blank\" rel=\"noreferrer noopener\">Sitzung buchen<\/a><\/div>\n<\/div>\n","protected":false},"excerpt":{"rendered":"<p>Kreatives Schreiben ist ein hervorragender Weg in Fluss, mit der Seele, dem Herz und dem Verstand zu kommen. Wenn Du Dich mit Deiner Stimme verbinden, Deine Kreativit\u00e4t neu entfachen, Deine Schreibf\u00e4higkeiten erweitern und das Schreiben als rituellen Beziehungsprozess erfahren m\u00f6chtest, dann bist Du hier genau richtig. Wozu kreatives Schreiben? Kreatives Schreiben verbessert nicht nur unsere &hellip; <\/p>\n<p class=\"link-more\"><a href=\"https:\/\/shibianta.com\/de\/kreatives-schreiben\/\" class=\"more-link\"><span class=\"screen-reader-text\">\u201eKreatives Schreiben\u201c <\/span>weiterlesen<\/a><\/p>\n","protected":false},"author":1,"featured_media":0,"parent":0,"menu_order":0,"comment_status":"closed","ping_status":"closed","template":"","meta":{"nf_dc_page":"","_monsterinsights_skip_tracking":false,"_monsterinsights_sitenote_active":false,"_monsterinsights_sitenote_note":"","_monsterinsights_sitenote_category":0,"footnotes":""},"class_list":["post-680","page","type-page","status-publish","hentry"],"yoast_head":"<!-- This site is optimized with the Yoast SEO plugin v27.4 - https:\/\/yoast.com\/product\/yoast-seo-wordpress\/ -->\n<title>Kreatives Schreiben &#8211; Shibianta<\/title>\n<meta name=\"description\" content=\"Verbinde Dich mit Deiner Stimme, entfache Deine Kreativit\u00e4t, erweitere Deine Schreibf\u00e4higkeiten und erfahre das Schreiben als rituell gerahmten Beziehungsprozess.\" \/>\n<meta name=\"robots\" content=\"index, follow, max-snippet:-1, max-image-preview:large, max-video-preview:-1\" \/>\n<link rel=\"canonical\" href=\"https:\/\/shibianta.com\/de\/kreatives-schreiben\/\" \/>\n<meta property=\"og:locale\" content=\"de_DE\" \/>\n<meta property=\"og:type\" content=\"article\" \/>\n<meta property=\"og:title\" content=\"Kreatives Schreiben &#8211; Shibianta\" \/>\n<meta property=\"og:description\" content=\"Verbinde Dich mit Deiner Stimme, entfache Deine Kreativit\u00e4t, erweitere Deine Schreibf\u00e4higkeiten und erfahre das Schreiben als rituell gerahmten Beziehungsprozess.\" \/>\n<meta property=\"og:url\" content=\"https:\/\/shibianta.com\/de\/kreatives-schreiben\/\" \/>\n<meta property=\"og:site_name\" content=\"Shibianta\" \/>\n<meta property=\"article:modified_time\" content=\"2022-02-25T15:51:27+00:00\" \/>\n<meta name=\"twitter:card\" content=\"summary_large_image\" \/>\n<meta name=\"twitter:label1\" content=\"Gesch\u00e4tzte Lesezeit\" \/>\n\t<meta name=\"twitter:data1\" content=\"3\u00a0Minuten\" \/>\n<script type=\"application\/ld+json\" class=\"yoast-schema-graph\">{\"@context\":\"https:\\\/\\\/schema.org\",\"@graph\":[{\"@type\":\"WebPage\",\"@id\":\"https:\\\/\\\/shibianta.com\\\/de\\\/kreatives-schreiben\\\/\",\"url\":\"https:\\\/\\\/shibianta.com\\\/de\\\/kreatives-schreiben\\\/\",\"name\":\"Kreatives Schreiben &#8211; Shibianta\",\"isPartOf\":{\"@id\":\"https:\\\/\\\/shibianta.com\\\/#website\"},\"datePublished\":\"2022-01-09T13:02:32+00:00\",\"dateModified\":\"2022-02-25T15:51:27+00:00\",\"description\":\"Verbinde Dich mit Deiner Stimme, entfache Deine Kreativit\u00e4t, erweitere Deine Schreibf\u00e4higkeiten und erfahre das Schreiben als rituell gerahmten Beziehungsprozess.\",\"breadcrumb\":{\"@id\":\"https:\\\/\\\/shibianta.com\\\/de\\\/kreatives-schreiben\\\/#breadcrumb\"},\"inLanguage\":\"de\",\"potentialAction\":[{\"@type\":\"ReadAction\",\"target\":[\"https:\\\/\\\/shibianta.com\\\/de\\\/kreatives-schreiben\\\/\"]}]},{\"@type\":\"BreadcrumbList\",\"@id\":\"https:\\\/\\\/shibianta.com\\\/de\\\/kreatives-schreiben\\\/#breadcrumb\",\"itemListElement\":[{\"@type\":\"ListItem\",\"position\":1,\"name\":\"Home\",\"item\":\"https:\\\/\\\/shibianta.com\\\/de\\\/\"},{\"@type\":\"ListItem\",\"position\":2,\"name\":\"Kreatives Schreiben\"}]},{\"@type\":\"WebSite\",\"@id\":\"https:\\\/\\\/shibianta.com\\\/#website\",\"url\":\"https:\\\/\\\/shibianta.com\\\/\",\"name\":\"Shibianta\",\"description\":\"Archaische Br\u00fccke der Heilung\",\"publisher\":{\"@id\":\"https:\\\/\\\/shibianta.com\\\/#organization\"},\"potentialAction\":[{\"@type\":\"SearchAction\",\"target\":{\"@type\":\"EntryPoint\",\"urlTemplate\":\"https:\\\/\\\/shibianta.com\\\/?s={search_term_string}\"},\"query-input\":{\"@type\":\"PropertyValueSpecification\",\"valueRequired\":true,\"valueName\":\"search_term_string\"}}],\"inLanguage\":\"de\"},{\"@type\":\"Organization\",\"@id\":\"https:\\\/\\\/shibianta.com\\\/#organization\",\"name\":\"Shibianta\",\"url\":\"https:\\\/\\\/shibianta.com\\\/\",\"logo\":{\"@type\":\"ImageObject\",\"inLanguage\":\"de\",\"@id\":\"https:\\\/\\\/shibianta.com\\\/#\\\/schema\\\/logo\\\/image\\\/\",\"url\":\"https:\\\/\\\/shibianta.com\\\/wp-content\\\/uploads\\\/2022\\\/01\\\/sicocxlis_xe_250-removebg-preview-1.png\",\"contentUrl\":\"https:\\\/\\\/shibianta.com\\\/wp-content\\\/uploads\\\/2022\\\/01\\\/sicocxlis_xe_250-removebg-preview-1.png\",\"width\":250,\"height\":250,\"caption\":\"Shibianta\"},\"image\":{\"@id\":\"https:\\\/\\\/shibianta.com\\\/#\\\/schema\\\/logo\\\/image\\\/\"}}]}<\/script>\n<!-- \/ Yoast SEO plugin. -->","yoast_head_json":{"title":"Kreatives Schreiben &#8211; Shibianta","description":"Verbinde Dich mit Deiner Stimme, entfache Deine Kreativit\u00e4t, erweitere Deine Schreibf\u00e4higkeiten und erfahre das Schreiben als rituell gerahmten Beziehungsprozess.","robots":{"index":"index","follow":"follow","max-snippet":"max-snippet:-1","max-image-preview":"max-image-preview:large","max-video-preview":"max-video-preview:-1"},"canonical":"https:\/\/shibianta.com\/de\/kreatives-schreiben\/","og_locale":"de_DE","og_type":"article","og_title":"Kreatives Schreiben &#8211; Shibianta","og_description":"Verbinde Dich mit Deiner Stimme, entfache Deine Kreativit\u00e4t, erweitere Deine Schreibf\u00e4higkeiten und erfahre das Schreiben als rituell gerahmten Beziehungsprozess.","og_url":"https:\/\/shibianta.com\/de\/kreatives-schreiben\/","og_site_name":"Shibianta","article_modified_time":"2022-02-25T15:51:27+00:00","twitter_card":"summary_large_image","twitter_misc":{"Gesch\u00e4tzte Lesezeit":"3\u00a0Minuten"},"schema":{"@context":"https:\/\/schema.org","@graph":[{"@type":"WebPage","@id":"https:\/\/shibianta.com\/de\/kreatives-schreiben\/","url":"https:\/\/shibianta.com\/de\/kreatives-schreiben\/","name":"Kreatives Schreiben &#8211; Shibianta","isPartOf":{"@id":"https:\/\/shibianta.com\/#website"},"datePublished":"2022-01-09T13:02:32+00:00","dateModified":"2022-02-25T15:51:27+00:00","description":"Verbinde Dich mit Deiner Stimme, entfache Deine Kreativit\u00e4t, erweitere Deine Schreibf\u00e4higkeiten und erfahre das Schreiben als rituell gerahmten Beziehungsprozess.","breadcrumb":{"@id":"https:\/\/shibianta.com\/de\/kreatives-schreiben\/#breadcrumb"},"inLanguage":"de","potentialAction":[{"@type":"ReadAction","target":["https:\/\/shibianta.com\/de\/kreatives-schreiben\/"]}]},{"@type":"BreadcrumbList","@id":"https:\/\/shibianta.com\/de\/kreatives-schreiben\/#breadcrumb","itemListElement":[{"@type":"ListItem","position":1,"name":"Home","item":"https:\/\/shibianta.com\/de\/"},{"@type":"ListItem","position":2,"name":"Kreatives Schreiben"}]},{"@type":"WebSite","@id":"https:\/\/shibianta.com\/#website","url":"https:\/\/shibianta.com\/","name":"Shibianta","description":"Archaische Br\u00fccke der Heilung","publisher":{"@id":"https:\/\/shibianta.com\/#organization"},"potentialAction":[{"@type":"SearchAction","target":{"@type":"EntryPoint","urlTemplate":"https:\/\/shibianta.com\/?s={search_term_string}"},"query-input":{"@type":"PropertyValueSpecification","valueRequired":true,"valueName":"search_term_string"}}],"inLanguage":"de"},{"@type":"Organization","@id":"https:\/\/shibianta.com\/#organization","name":"Shibianta","url":"https:\/\/shibianta.com\/","logo":{"@type":"ImageObject","inLanguage":"de","@id":"https:\/\/shibianta.com\/#\/schema\/logo\/image\/","url":"https:\/\/shibianta.com\/wp-content\/uploads\/2022\/01\/sicocxlis_xe_250-removebg-preview-1.png","contentUrl":"https:\/\/shibianta.com\/wp-content\/uploads\/2022\/01\/sicocxlis_xe_250-removebg-preview-1.png","width":250,"height":250,"caption":"Shibianta"},"image":{"@id":"https:\/\/shibianta.com\/#\/schema\/logo\/image\/"}}]}},"_links":{"self":[{"href":"https:\/\/shibianta.com\/de\/wp-json\/wp\/v2\/pages\/680","targetHints":{"allow":["GET"]}}],"collection":[{"href":"https:\/\/shibianta.com\/de\/wp-json\/wp\/v2\/pages"}],"about":[{"href":"https:\/\/shibianta.com\/de\/wp-json\/wp\/v2\/types\/page"}],"author":[{"embeddable":true,"href":"https:\/\/shibianta.com\/de\/wp-json\/wp\/v2\/users\/1"}],"replies":[{"embeddable":true,"href":"https:\/\/shibianta.com\/de\/wp-json\/wp\/v2\/comments?post=680"}],"version-history":[{"count":5,"href":"https:\/\/shibianta.com\/de\/wp-json\/wp\/v2\/pages\/680\/revisions"}],"predecessor-version":[{"id":1028,"href":"https:\/\/shibianta.com\/de\/wp-json\/wp\/v2\/pages\/680\/revisions\/1028"}],"wp:attachment":[{"href":"https:\/\/shibianta.com\/de\/wp-json\/wp\/v2\/media?parent=680"}],"curies":[{"name":"wp","href":"https:\/\/api.w.org\/{rel}","templated":true}]}}